{"id":1826,"date":"2023-11-25T11:18:43","date_gmt":"2023-11-25T11:18:43","guid":{"rendered":"https:\/\/wilke-marine.com\/crestliner-authority\/"},"modified":"2023-12-09T09:45:11","modified_gmt":"2023-12-09T09:45:11","slug":"crestliner-authority","status":"publish","type":"page","link":"https:\/\/wilke-marine.com\/fr\/crestliner-authority\/","title":{"rendered":"Crestliner Authority"},"content":{"rendered":"\t\t<div data-elementor-type=\"wp-page\" data-elementor-id=\"1826\" class=\"elementor elementor-1826 elementor-550\" data-elementor-post-type=\"page\">\n\t\t\t\t<div class=\"elementor-element elementor-element-cb77636 e-flex e-con-boxed e-con e-parent\" data-id=\"cb77636\" data-element_type=\"container\" data-e-type=\"container\">\n\t\t\t\t\t<div class=\"e-con-inner\">\n\t\t\t\t<div class=\"elementor-element elementor-element-807a1be elementor-widget elementor-widget-heading\" data-id=\"807a1be\" data-element_type=\"widget\" data-e-type=\"widget\" data-widget_type=\"heading.default\">\n\t\t\t\t<div class=\"elementor-widget-container\">\n\t\t\t\t\t<h1 class=\"elementor-heading-title elementor-size-default\">Crestliner Authority<\/h1>\t\t\t\t<\/div>\n\t\t\t\t<\/div>\n\t\t\t\t<div class=\"elementor-element elementor-element-c993bf0 elementor-widget elementor-widget-text-editor\" data-id=\"c993bf0\" data-element_type=\"widget\" data-e-type=\"widget\" data-widget_type=\"text-editor.default\">\n\t\t\t\t<div class=\"elementor-widget-container\">\n\t\t\t\t\t\t\t\t\t<p>La classe Authority est con\u00e7ue pour \u00eatre tr\u00e8s robuste et convient id\u00e9alement aux grandes eaux et aux conditions difficiles.<\/p>\n<p>Chaque bateau Authority est bas\u00e9 sur la construction l\u00e9gendaire en aluminium enti\u00e8rement soud\u00e9 et est le centre parfait pour tous les types de p\u00eache gr\u00e2ce \u00e0 ses possibilit\u00e9s d&rsquo;extension individuelles presque infinies. <span style=\"color: #ff9900;\">Cliquez sur les photos pour plus d&rsquo;informations.<\/span><\/p>\n\t\t\t\t\t\t\t\t<\/div>\n\t\t\t\t<\/div>\n\t\t\t\t\t<\/div>\n\t\t\t\t<\/div>\n\t\t<div class=\"elementor-element elementor-element-27a0ce2 e-flex e-con-boxed e-con e-parent\" data-id=\"27a0ce2\" data-element_type=\"container\" data-e-type=\"container\">\n\t\t\t\t\t<div class=\"e-con-inner\">\n\t\t<div class=\"elementor-element elementor-element-1ecb63d e-flex e-con-boxed e-con e-child\" data-id=\"1ecb63d\" data-element_type=\"container\" data-e-type=\"container\" data-settings=\"{&quot;background_background&quot;:&quot;classic&quot;}\">\n\t\t\t\t\t<div class=\"e-con-inner\">\n\t\t<div class=\"elementor-element elementor-element-1ba7bf6 e-flex e-con-boxed e-con e-child\" data-id=\"1ba7bf6\" data-element_type=\"container\" data-e-type=\"container\">\n\t\t\t\t\t<div class=\"e-con-inner\">\n\t\t\t\t<div class=\"elementor-element elementor-element-40c9f02 elementor-cta--valign-middle elementor-cta--skin-classic elementor-animated-content elementor-bg-transform elementor-bg-transform-zoom-in elementor-widget elementor-widget-call-to-action\" data-id=\"40c9f02\" data-element_type=\"widget\" data-e-type=\"widget\" data-widget_type=\"call-to-action.default\">\n\t\t\t\t<div class=\"elementor-widget-container\">\n\t\t\t\t\t\t\t<a class=\"elementor-cta\" href=\"https:\/\/www.crestlinerboats.eu\/en\/authority\/2050-authority\/\">\n\t\t\t\t\t\t\t<div class=\"elementor-cta__content\">\n\t\t\t\t\t\t\t\t\t<div class=\"elementor-content-item elementor-cta__content-item elementor-cta__image\">\n\t\t\t\t\t\t<img alt=\"\" fetchpriority=\"high\" decoding=\"async\" width=\"768\" height=\"513\" src=\"https:\/\/wilke-marine.com\/wp-content\/uploads\/2023\/11\/crestliner-authority-2050-768x513-1.jpg\" class=\"attachment-full size-full wp-image-1569\" alt=\"\" srcset=\"https:\/\/wilke-marine.com\/wp-content\/uploads\/2023\/11\/crestliner-authority-2050-768x513-1.jpg.webp 768w, https:\/\/wilke-marine.com\/wp-content\/uploads\/2023\/11\/crestliner-authority-2050-768x513-1-300x200.jpg.webp 300w\" sizes=\"(max-width: 768px) 100vw, 768px\" \/>\t\t\t\t\t<\/div>\n\t\t\t\t\n\t\t\t\t\t\t\t\t\t<h1 class=\"elementor-cta__title elementor-cta__content-item elementor-content-item\">\n\t\t\t\t\t\tAuthority 2050\t\t\t\t\t<\/h1>\n\t\t\t\t\n\t\t\t\t\t\t\t\t\t<div class=\"elementor-cta__description elementor-cta__content-item elementor-content-item\">\n\t\t\t\t\t\t<p>L'Autorit\u00e9 2050 poss\u00e8de de nombreuses caract\u00e9ristiques qui rendent votre journ\u00e9e plus facile et plus confortable. Le cockpit spacieux offre de nombreuses places assises et beaucoup d'espace de rangement pour les cannes et les accessoires.<\/p>\n\t\t\t\t\t<\/div>\n\t\t\t\t\n\t\t\t\t\t\t\t<\/div>\n\t\t\t\t\t\t<\/a>\n\t\t\t\t\t\t<\/div>\n\t\t\t\t<\/div>\n\t\t\t\t\t<\/div>\n\t\t\t\t<\/div>\n\t\t<div class=\"elementor-element elementor-element-c7e20a9 e-flex e-con-boxed e-con e-child\" data-id=\"c7e20a9\" data-element_type=\"container\" data-e-type=\"container\">\n\t\t\t\t\t<div class=\"e-con-inner\">\n\t\t\t\t<div class=\"elementor-element elementor-element-3851757 elementor-cta--valign-middle elementor-cta--skin-classic elementor-animated-content elementor-bg-transform elementor-bg-transform-zoom-in elementor-widget elementor-widget-call-to-action\" data-id=\"3851757\" data-element_type=\"widget\" data-e-type=\"widget\" data-widget_type=\"call-to-action.default\">\n\t\t\t\t<div class=\"elementor-widget-container\">\n\t\t\t\t\t\t\t<a class=\"elementor-cta\" href=\"https:\/\/www.crestlinerboats.eu\/en\/authority\/2250-authority\/\">\n\t\t\t\t\t\t\t<div class=\"elementor-cta__content\">\n\t\t\t\t\t\t\t\t\t<div class=\"elementor-content-item elementor-cta__content-item elementor-cta__image\">\n\t\t\t\t\t\t<img alt=\"\" decoding=\"async\" width=\"768\" height=\"513\" src=\"https:\/\/wilke-marine.com\/wp-content\/uploads\/2023\/11\/crestliner-authority-2250-768x513-1.jpg\" class=\"attachment-full size-full wp-image-1570\" alt=\"\" srcset=\"https:\/\/wilke-marine.com\/wp-content\/uploads\/2023\/11\/crestliner-authority-2250-768x513-1.jpg.webp 768w, https:\/\/wilke-marine.com\/wp-content\/uploads\/2023\/11\/crestliner-authority-2250-768x513-1-300x200.jpg.webp 300w\" sizes=\"(max-width: 768px) 100vw, 768px\" \/>\t\t\t\t\t<\/div>\n\t\t\t\t\n\t\t\t\t\t\t\t\t\t<h1 class=\"elementor-cta__title elementor-cta__content-item elementor-content-item\">\n\t\t\t\t\t\tAuthority 2250\t\t\t\t\t<\/h1>\n\t\t\t\t\n\t\t\t\t\t\t\t\t\t<div class=\"elementor-cta__description elementor-cta__content-item elementor-content-item\">\n\t\t\t\t\t\t<p>L'Authorithy 2250 vous emm\u00e8ne dans de riches zones de p\u00eache, m\u00eame dans des conditions difficiles. Il dispose non seulement d'une conception de console haut de gamme pour une facilit\u00e9 d'utilisation maximale, mais aussi d'un grand espace de rangement et de contenants \u00e0 poisson.<\/p>\n\t\t\t\t\t<\/div>\n\t\t\t\t\n\t\t\t\t\t\t\t<\/div>\n\t\t\t\t\t\t<\/a>\n\t\t\t\t\t\t<\/div>\n\t\t\t\t<\/div>\n\t\t\t\t\t<\/div>\n\t\t\t\t<\/div>\n\t\t\t\t\t<\/div>\n\t\t\t\t<\/div>\n\t\t\t\t\t<\/div>\n\t\t\t\t<\/div>\n\t\t<div class=\"elementor-element elementor-element-791f826 e-flex e-con-boxed e-con e-parent\" data-id=\"791f826\" data-element_type=\"container\" data-e-type=\"container\">\n\t\t\t\t\t<div class=\"e-con-inner\">\n\t\t\t\t<div class=\"elementor-element elementor-element-e6caf9d elementor-align-center elementor-widget elementor-widget-button\" data-id=\"e6caf9d\" data-element_type=\"widget\" data-e-type=\"widget\" data-widget_type=\"button.default\">\n\t\t\t\t<div class=\"elementor-widget-container\">\n\t\t\t\t\t\t\t\t\t<div class=\"elementor-button-wrapper\">\n\t\t\t\t\t<a class=\"elementor-button elementor-button-link elementor-size-sm\" href=\"https:\/\/wilke-marine.com\/fr\/contact\/\">\n\t\t\t\t\t\t<span class=\"elementor-button-content-wrapper\">\n\t\t\t\t\t\t\t\t\t<span class=\"elementor-button-text\">Prenez contact avec nous<\/span>\n\t\t\t\t\t<\/span>\n\t\t\t\t\t<\/a>\n\t\t\t\t<\/div>\n\t\t\t\t\t\t\t\t<\/div>\n\t\t\t\t<\/div>\n\t\t\t\t\t<\/div>\n\t\t\t\t<\/div>\n\t\t\t\t<\/div>\n\t\t","protected":false},"excerpt":{"rendered":"<p>Crestliner Authority La classe Authority est con\u00e7ue pour \u00eatre tr\u00e8s robuste et convient id\u00e9alement aux grandes eaux et aux conditions difficiles. Chaque bateau Authority est bas\u00e9 sur la construction l\u00e9gendaire en aluminium enti\u00e8rement soud\u00e9 et est le centre parfait pour tous les types de p\u00eache gr\u00e2ce \u00e0 ses possibilit\u00e9s d&rsquo;extension individuelles presque infinies. Cliquez sur [&hellip;]<\/p>\n","protected":false},"author":1,"featured_media":0,"parent":0,"menu_order":0,"comment_status":"closed","ping_status":"closed","template":"","meta":{"_seopress_robots_primary_cat":"","_seopress_titles_title":"","_seopress_titles_desc":"","_seopress_robots_index":"","footnotes":""},"class_list":["post-1826","page","type-page","status-publish","hentry"],"jetpack_sharing_enabled":true,"_links":{"self":[{"href":"https:\/\/wilke-marine.com\/fr\/wp-json\/wp\/v2\/pages\/1826","targetHints":{"allow":["GET"]}}],"collection":[{"href":"https:\/\/wilke-marine.com\/fr\/wp-json\/wp\/v2\/pages"}],"about":[{"href":"https:\/\/wilke-marine.com\/fr\/wp-json\/wp\/v2\/types\/page"}],"author":[{"embeddable":true,"href":"https:\/\/wilke-marine.com\/fr\/wp-json\/wp\/v2\/users\/1"}],"replies":[{"embeddable":true,"href":"https:\/\/wilke-marine.com\/fr\/wp-json\/wp\/v2\/comments?post=1826"}],"version-history":[{"count":2,"href":"https:\/\/wilke-marine.com\/fr\/wp-json\/wp\/v2\/pages\/1826\/revisions"}],"predecessor-version":[{"id":1828,"href":"https:\/\/wilke-marine.com\/fr\/wp-json\/wp\/v2\/pages\/1826\/revisions\/1828"}],"wp:attachment":[{"href":"https:\/\/wilke-marine.com\/fr\/wp-json\/wp\/v2\/media?parent=1826"}],"curies":[{"name":"wp","href":"https:\/\/api.w.org\/{rel}","templated":true}]}}