{"id":1854,"date":"2023-11-27T11:40:54","date_gmt":"2023-11-27T11:40:54","guid":{"rendered":"https:\/\/wilke-marine.com\/crestliner-pro-tiller\/"},"modified":"2023-12-09T10:33:11","modified_gmt":"2023-12-09T10:33:11","slug":"crestliner-pro-tiller","status":"publish","type":"page","link":"https:\/\/wilke-marine.com\/fr\/crestliner-pro-tiller\/","title":{"rendered":"Crestliner Pro Tiller"},"content":{"rendered":"\t\t<div data-elementor-type=\"wp-page\" data-elementor-id=\"1854\" class=\"elementor elementor-1854 elementor-714\" data-elementor-post-type=\"page\">\n\t\t\t\t<div class=\"elementor-element elementor-element-abff353 e-flex e-con-boxed e-con e-parent\" data-id=\"abff353\" data-element_type=\"container\" data-e-type=\"container\">\n\t\t\t\t\t<div class=\"e-con-inner\">\n\t\t\t\t<div class=\"elementor-element elementor-element-aa2875e elementor-widget elementor-widget-heading\" data-id=\"aa2875e\" data-element_type=\"widget\" data-e-type=\"widget\" data-widget_type=\"heading.default\">\n\t\t\t\t<div class=\"elementor-widget-container\">\n\t\t\t\t\t<h1 class=\"elementor-heading-title elementor-size-default\">Crestliner Pro Tiller<\/h1>\t\t\t\t<\/div>\n\t\t\t\t<\/div>\n\t\t\t\t<div class=\"elementor-element elementor-element-a52ccd4 elementor-widget elementor-widget-text-editor\" data-id=\"a52ccd4\" data-element_type=\"widget\" data-e-type=\"widget\" data-widget_type=\"text-editor.default\">\n\t\t\t\t<div class=\"elementor-widget-container\">\n\t\t\t\t\t\t\t\t\t<p>La s\u00e9rie Fish Hawk repr\u00e9sente les bateaux les plus populaires de Crestliner. La derni\u00e8re \u00e9dition de ces bateaux pratiques et fonctionnels a \u00e9t\u00e9 con\u00e7ue selon les souhaits des p\u00eacheurs et peut \u00eatre \u00e9quip\u00e9e individuellement de diff\u00e9rentes configurations.<\/p>\n<p>La coque en aluminium soud\u00e9 vous offre un bateau de grande long\u00e9vit\u00e9 qui s&rsquo;adapte \u00e9galement aux toutes derni\u00e8res technologies \u00e9lectroniques.<\/p>\n<p><span style=\"font-size: 22px;\"><span style=\"color: #ff9900;\">Cliquez sur les photos pour plus d&rsquo;informations.<\/span><\/span><\/p>\n\t\t\t\t\t\t\t\t<\/div>\n\t\t\t\t<\/div>\n\t\t\t\t\t<\/div>\n\t\t\t\t<\/div>\n\t\t<div class=\"elementor-element elementor-element-617d757 e-flex e-con-boxed e-con e-parent\" data-id=\"617d757\" data-element_type=\"container\" data-e-type=\"container\">\n\t\t\t\t\t<div class=\"e-con-inner\">\n\t\t<div class=\"elementor-element elementor-element-a7134f7 e-flex e-con-boxed e-con e-child\" data-id=\"a7134f7\" data-element_type=\"container\" data-e-type=\"container\" data-settings=\"{&quot;background_background&quot;:&quot;classic&quot;}\">\n\t\t\t\t\t<div class=\"e-con-inner\">\n\t\t<div class=\"elementor-element elementor-element-e6bd164 e-flex e-con-boxed e-con e-child\" data-id=\"e6bd164\" data-element_type=\"container\" data-e-type=\"container\">\n\t\t\t\t\t<div class=\"e-con-inner\">\n\t\t\t\t<div class=\"elementor-element elementor-element-3ab9c6f elementor-cta--valign-middle elementor-cta--skin-classic elementor-animated-content elementor-bg-transform elementor-bg-transform-zoom-in elementor-widget elementor-widget-call-to-action\" data-id=\"3ab9c6f\" data-element_type=\"widget\" data-e-type=\"widget\" data-widget_type=\"call-to-action.default\">\n\t\t\t\t<div class=\"elementor-widget-container\">\n\t\t\t\t\t\t\t<a class=\"elementor-cta\" href=\"https:\/\/www.crestlinerboats.eu\/en\/pro-tiller\/1650-pro-tiller\/\">\n\t\t\t\t\t\t\t<div class=\"elementor-cta__content\">\n\t\t\t\t\t\t\t\t\t<div class=\"elementor-content-item elementor-cta__content-item elementor-cta__image\">\n\t\t\t\t\t\t<img alt=\"\" fetchpriority=\"high\" decoding=\"async\" width=\"800\" height=\"534\" src=\"https:\/\/wilke-marine.com\/wp-content\/uploads\/2023\/11\/crestliner-pro-tiller-1650.jpg.webp\" class=\"attachment-full size-full wp-image-1639\" alt=\"\" srcset=\"https:\/\/wilke-marine.com\/wp-content\/uploads\/2023\/11\/crestliner-pro-tiller-1650.jpg.webp 800w, https:\/\/wilke-marine.com\/wp-content\/uploads\/2023\/11\/crestliner-pro-tiller-1650.jpg-300x200.webp 300w, https:\/\/wilke-marine.com\/wp-content\/uploads\/2023\/11\/crestliner-pro-tiller-1650.jpg-768x513.webp 768w\" sizes=\"(max-width: 800px) 100vw, 800px\" \/>\t\t\t\t\t<\/div>\n\t\t\t\t\n\t\t\t\t\t\t\t\t\t<h3 class=\"elementor-cta__title elementor-cta__content-item elementor-content-item\">\n\t\t\t\t\t\t1650 Pro Tiller\t\t\t\t\t<\/h3>\n\t\t\t\t\n\t\t\t\t\t\t\t\t\t<div class=\"elementor-cta__description elementor-cta__content-item elementor-content-item\">\n\t\t\t\t\t\t<p>Le Crestliner 1650 Pro Tiller est un excellent bateau qui vous permet de naviguer facilement vers vos lieux de p\u00eache secrets. Ce timon offre beaucoup d'espace pour la p\u00eache et le pont arri\u00e8re est \u00e9quip\u00e9 d'un aquarium ventil\u00e9 de 65 litres et d'un conteneur \u00e0 app\u00e2ts vivants de 13 litres.<\/p>\n\t\t\t\t\t<\/div>\n\t\t\t\t\n\t\t\t\t\t\t\t<\/div>\n\t\t\t\t\t\t<\/a>\n\t\t\t\t\t\t<\/div>\n\t\t\t\t<\/div>\n\t\t\t\t\t<\/div>\n\t\t\t\t<\/div>\n\t\t<div class=\"elementor-element elementor-element-bbd218c e-flex e-con-boxed e-con e-child\" data-id=\"bbd218c\" data-element_type=\"container\" data-e-type=\"container\">\n\t\t\t\t\t<div class=\"e-con-inner\">\n\t\t\t\t<div class=\"elementor-element elementor-element-a612ec4 elementor-cta--valign-middle elementor-cta--skin-classic elementor-animated-content elementor-bg-transform elementor-bg-transform-zoom-in elementor-widget elementor-widget-call-to-action\" data-id=\"a612ec4\" data-element_type=\"widget\" data-e-type=\"widget\" data-widget_type=\"call-to-action.default\">\n\t\t\t\t<div class=\"elementor-widget-container\">\n\t\t\t\t\t\t\t<a class=\"elementor-cta\" href=\"https:\/\/www.crestlinerboats.eu\/en\/pro-tiller\/1750-pro-tiller\/\">\n\t\t\t\t\t\t\t<div class=\"elementor-cta__content\">\n\t\t\t\t\t\t\t\t\t<div class=\"elementor-content-item elementor-cta__content-item elementor-cta__image\">\n\t\t\t\t\t\t<img alt=\"\" decoding=\"async\" width=\"800\" height=\"534\" src=\"https:\/\/wilke-marine.com\/wp-content\/uploads\/2023\/11\/crestliner-pro-tiller-1750.jpg.webp\" class=\"attachment-full size-full wp-image-1640\" alt=\"\" srcset=\"https:\/\/wilke-marine.com\/wp-content\/uploads\/2023\/11\/crestliner-pro-tiller-1750.jpg.webp 800w, https:\/\/wilke-marine.com\/wp-content\/uploads\/2023\/11\/crestliner-pro-tiller-1750.jpg-300x200.webp 300w, https:\/\/wilke-marine.com\/wp-content\/uploads\/2023\/11\/crestliner-pro-tiller-1750.jpg-768x513.webp 768w\" sizes=\"(max-width: 800px) 100vw, 800px\" \/>\t\t\t\t\t<\/div>\n\t\t\t\t\n\t\t\t\t\t\t\t\t\t<h3 class=\"elementor-cta__title elementor-cta__content-item elementor-content-item\">\n\t\t\t\t\t\t1750 Pro Tiller\t\t\t\t\t<\/h3>\n\t\t\t\t\n\t\t\t\t\t\t\t\t\t<div class=\"elementor-cta__description elementor-cta__content-item elementor-content-item\">\n\t\t\t\t\t\t<p>Ce bateau en aluminium est assez spacieux pour p\u00eacher confortablement avec quelques amis. Il est facile \u00e0 man\u0153uvrer et offre suffisamment d'espace gr\u00e2ce \u00e0 ses deux bacs \u00e0 poisson ventil\u00e9s et \u00e0 ses nombreux espaces de rangement pour tout ce dont vous avez besoin pour une journ\u00e9e de p\u00eache r\u00e9ussie.<\/p>\n\t\t\t\t\t<\/div>\n\t\t\t\t\n\t\t\t\t\t\t\t<\/div>\n\t\t\t\t\t\t<\/a>\n\t\t\t\t\t\t<\/div>\n\t\t\t\t<\/div>\n\t\t\t\t\t<\/div>\n\t\t\t\t<\/div>\n\t\t\t\t\t<\/div>\n\t\t\t\t<\/div>\n\t\t<div class=\"elementor-element elementor-element-d32c24e e-flex e-con-boxed e-con e-child\" data-id=\"d32c24e\" data-element_type=\"container\" data-e-type=\"container\" data-settings=\"{&quot;background_background&quot;:&quot;classic&quot;}\">\n\t\t\t\t\t<div class=\"e-con-inner\">\n\t\t<div class=\"elementor-element elementor-element-63ec6c6 e-flex e-con-boxed e-con e-child\" data-id=\"63ec6c6\" data-element_type=\"container\" data-e-type=\"container\">\n\t\t\t\t\t<div class=\"e-con-inner\">\n\t\t\t\t<div class=\"elementor-element elementor-element-94ea984 elementor-cta--valign-middle elementor-cta--skin-classic elementor-animated-content elementor-bg-transform elementor-bg-transform-zoom-in elementor-widget elementor-widget-call-to-action\" data-id=\"94ea984\" data-element_type=\"widget\" data-e-type=\"widget\" data-widget_type=\"call-to-action.default\">\n\t\t\t\t<div class=\"elementor-widget-container\">\n\t\t\t\t\t\t\t<a class=\"elementor-cta\" href=\"https:\/\/www.crestlinerboats.eu\/en\/fish-hawk\/1950-fish-hawk-wt\/\">\n\t\t\t\t\t\t\t<div class=\"elementor-cta__content\">\n\t\t\t\t\t\t\t\t\t<div class=\"elementor-content-item elementor-cta__content-item elementor-cta__image\">\n\t\t\t\t\t\t<img alt=\"\" decoding=\"async\" width=\"800\" height=\"533\" src=\"https:\/\/wilke-marine.com\/wp-content\/uploads\/2023\/11\/crestliner-fish-hawk-1950.jpg\" class=\"attachment-full size-full wp-image-1637\" alt=\"\" srcset=\"https:\/\/wilke-marine.com\/wp-content\/uploads\/2023\/11\/crestliner-fish-hawk-1950.jpg 800w, https:\/\/wilke-marine.com\/wp-content\/uploads\/2023\/11\/crestliner-fish-hawk-1950-300x200.jpg 300w, https:\/\/wilke-marine.com\/wp-content\/uploads\/2023\/11\/crestliner-fish-hawk-1950-768x512.jpg 768w\" sizes=\"(max-width: 800px) 100vw, 800px\" \/>\t\t\t\t\t<\/div>\n\t\t\t\t\n\t\t\t\t\t\t\t\t\t<h3 class=\"elementor-cta__title elementor-cta__content-item elementor-content-item\">\n\t\t\t\t\t\t1850 Pro Tiller\t\t\t\t\t<\/h3>\n\t\t\t\t\n\t\t\t\t\t\t\t\t\t<div class=\"elementor-cta__description elementor-cta__content-item elementor-content-item\">\n\t\t\t\t\t\t<p>Le 1850 Pro Tiller peut accueillir jusqu'\u00e0 six personnes. Le petit moteur du timon facilite la navigation vers les lieux de p\u00eache cach\u00e9s pr\u00e8s du rivage. Gr\u00e2ce aux bacs \u00e0 poissons et \u00e0 app\u00e2ts et aux nombreux espaces de rangement, tout est \u00e0 port\u00e9e de main.<\/p>\n\t\t\t\t\t<\/div>\n\t\t\t\t\n\t\t\t\t\t\t\t<\/div>\n\t\t\t\t\t\t<\/a>\n\t\t\t\t\t\t<\/div>\n\t\t\t\t<\/div>\n\t\t\t\t\t<\/div>\n\t\t\t\t<\/div>\n\t\t\t\t\t<\/div>\n\t\t\t\t<\/div>\n\t\t\t\t\t<\/div>\n\t\t\t\t<\/div>\n\t\t<div class=\"elementor-element elementor-element-0f29ac5 e-flex e-con-boxed e-con e-parent\" data-id=\"0f29ac5\" data-element_type=\"container\" data-e-type=\"container\">\n\t\t\t\t\t<div class=\"e-con-inner\">\n\t\t\t\t<div class=\"elementor-element elementor-element-bbd9d0c elementor-align-center elementor-widget elementor-widget-button\" data-id=\"bbd9d0c\" data-element_type=\"widget\" data-e-type=\"widget\" data-widget_type=\"button.default\">\n\t\t\t\t<div class=\"elementor-widget-container\">\n\t\t\t\t\t\t\t\t\t<div class=\"elementor-button-wrapper\">\n\t\t\t\t\t<a class=\"elementor-button elementor-button-link elementor-size-sm\" href=\"https:\/\/wilke-marine.com\/fr\/contact\/\">\n\t\t\t\t\t\t<span class=\"elementor-button-content-wrapper\">\n\t\t\t\t\t\t\t\t\t<span class=\"elementor-button-text\">Prenez contact avec nous<\/span>\n\t\t\t\t\t<\/span>\n\t\t\t\t\t<\/a>\n\t\t\t\t<\/div>\n\t\t\t\t\t\t\t\t<\/div>\n\t\t\t\t<\/div>\n\t\t\t\t\t<\/div>\n\t\t\t\t<\/div>\n\t\t\t\t<\/div>\n\t\t","protected":false},"excerpt":{"rendered":"<p>Crestliner Pro Tiller La s\u00e9rie Fish Hawk repr\u00e9sente les bateaux les plus populaires de Crestliner. La derni\u00e8re \u00e9dition de ces bateaux pratiques et fonctionnels a \u00e9t\u00e9 con\u00e7ue selon les souhaits des p\u00eacheurs et peut \u00eatre \u00e9quip\u00e9e individuellement de diff\u00e9rentes configurations. La coque en aluminium soud\u00e9 vous offre un bateau de grande long\u00e9vit\u00e9 qui s&rsquo;adapte \u00e9galement [&hellip;]<\/p>\n","protected":false},"author":1,"featured_media":0,"parent":0,"menu_order":0,"comment_status":"closed","ping_status":"closed","template":"","meta":{"_seopress_robots_primary_cat":"","_seopress_titles_title":"","_seopress_titles_desc":"","_seopress_robots_index":"","footnotes":""},"class_list":["post-1854","page","type-page","status-publish","hentry"],"jetpack_sharing_enabled":true,"_links":{"self":[{"href":"https:\/\/wilke-marine.com\/fr\/wp-json\/wp\/v2\/pages\/1854","targetHints":{"allow":["GET"]}}],"collection":[{"href":"https:\/\/wilke-marine.com\/fr\/wp-json\/wp\/v2\/pages"}],"about":[{"href":"https:\/\/wilke-marine.com\/fr\/wp-json\/wp\/v2\/types\/page"}],"author":[{"embeddable":true,"href":"https:\/\/wilke-marine.com\/fr\/wp-json\/wp\/v2\/users\/1"}],"replies":[{"embeddable":true,"href":"https:\/\/wilke-marine.com\/fr\/wp-json\/wp\/v2\/comments?post=1854"}],"version-history":[{"count":5,"href":"https:\/\/wilke-marine.com\/fr\/wp-json\/wp\/v2\/pages\/1854\/revisions"}],"predecessor-version":[{"id":1862,"href":"https:\/\/wilke-marine.com\/fr\/wp-json\/wp\/v2\/pages\/1854\/revisions\/1862"}],"wp:attachment":[{"href":"https:\/\/wilke-marine.com\/fr\/wp-json\/wp\/v2\/media?parent=1854"}],"curies":[{"name":"wp","href":"https:\/\/api.w.org\/{rel}","templated":true}]}}