{"id":1866,"date":"2023-11-27T12:10:00","date_gmt":"2023-11-27T12:10:00","guid":{"rendered":"https:\/\/wilke-marine.com\/crestliner-sportfish\/"},"modified":"2023-12-09T10:41:08","modified_gmt":"2023-12-09T10:41:08","slug":"crestliner-sportfish","status":"publish","type":"page","link":"https:\/\/wilke-marine.com\/fr\/crestliner-sportfish\/","title":{"rendered":"Crestliner Sportfish"},"content":{"rendered":"\t\t<div data-elementor-type=\"wp-page\" data-elementor-id=\"1866\" class=\"elementor elementor-1866 elementor-730\" data-elementor-post-type=\"page\">\n\t\t\t\t<div class=\"elementor-element elementor-element-abff353 e-flex e-con-boxed e-con e-parent\" data-id=\"abff353\" data-element_type=\"container\" data-e-type=\"container\">\n\t\t\t\t\t<div class=\"e-con-inner\">\n\t\t\t\t<div class=\"elementor-element elementor-element-aa2875e elementor-widget elementor-widget-heading\" data-id=\"aa2875e\" data-element_type=\"widget\" data-e-type=\"widget\" data-widget_type=\"heading.default\">\n\t\t\t\t<div class=\"elementor-widget-container\">\n\t\t\t\t\t<h1 class=\"elementor-heading-title elementor-size-default\">Crestliner Sportfish<\/h1>\t\t\t\t<\/div>\n\t\t\t\t<\/div>\n\t\t\t\t<div class=\"elementor-element elementor-element-a52ccd4 elementor-widget elementor-widget-text-editor\" data-id=\"a52ccd4\" data-element_type=\"widget\" data-e-type=\"widget\" data-widget_type=\"text-editor.default\">\n\t\t\t\t<div class=\"elementor-widget-container\">\n\t\t\t\t\t\t\t\t\t<p>La s\u00e9rie Crestlier Sport Fish Series est l&rsquo;option ultime pour les p\u00eacheurs en famille qui aiment aussi faire de la planche nautique ou du ski nautique. Ces bateaux polyvalents offrent une grande flexibilit\u00e9 gr\u00e2ce \u00e0 des options de conversion faciles. Transformez votre poisson de p\u00eache sportive en quelques minutes d&rsquo;un bateau de p\u00eache bien \u00e9quip\u00e9 en un bateau de plaisance \u00e0 part enti\u00e8re.<\/p>\n<p><span style=\"color: #ff9900;\">Cliquez sur les photos pour obtenir des informations d\u00e9taill\u00e9es.<\/span><\/span><\/p>\n\t\t\t\t\t\t\t\t<\/div>\n\t\t\t\t<\/div>\n\t\t\t\t\t<\/div>\n\t\t\t\t<\/div>\n\t\t<div class=\"elementor-element elementor-element-617d757 e-flex e-con-boxed e-con e-parent\" data-id=\"617d757\" data-element_type=\"container\" data-e-type=\"container\">\n\t\t\t\t\t<div class=\"e-con-inner\">\n\t\t<div class=\"elementor-element elementor-element-a7134f7 e-flex e-con-boxed e-con e-child\" data-id=\"a7134f7\" data-element_type=\"container\" data-e-type=\"container\" data-settings=\"{&quot;background_background&quot;:&quot;classic&quot;}\">\n\t\t\t\t\t<div class=\"e-con-inner\">\n\t\t<div class=\"elementor-element elementor-element-e6bd164 e-flex e-con-boxed e-con e-child\" data-id=\"e6bd164\" data-element_type=\"container\" data-e-type=\"container\">\n\t\t\t\t\t<div class=\"e-con-inner\">\n\t\t\t\t<div class=\"elementor-element elementor-element-3ab9c6f elementor-cta--valign-middle elementor-cta--skin-classic elementor-animated-content elementor-bg-transform elementor-bg-transform-zoom-in elementor-widget elementor-widget-call-to-action\" data-id=\"3ab9c6f\" data-element_type=\"widget\" data-e-type=\"widget\" data-widget_type=\"call-to-action.default\">\n\t\t\t\t<div class=\"elementor-widget-container\">\n\t\t\t\t\t\t\t<a class=\"elementor-cta\" href=\"https:\/\/www.crestlinerboats.eu\/en\/sportfish\/1850-sportfish-ob-sst\/\">\n\t\t\t\t\t\t\t<div class=\"elementor-cta__content\">\n\t\t\t\t\t\t\t\t\t<div class=\"elementor-content-item elementor-cta__content-item elementor-cta__image\">\n\t\t\t\t\t\t<img alt=\"\" fetchpriority=\"high\" decoding=\"async\" width=\"800\" height=\"534\" src=\"https:\/\/wilke-marine.com\/wp-content\/uploads\/2023\/11\/crestliner-raptor-1750.jpg\" class=\"attachment-full size-full wp-image-1641\" alt=\"\" srcset=\"https:\/\/wilke-marine.com\/wp-content\/uploads\/2023\/11\/crestliner-raptor-1750.jpg 800w, https:\/\/wilke-marine.com\/wp-content\/uploads\/2023\/11\/crestliner-raptor-1750-300x200.jpg 300w, https:\/\/wilke-marine.com\/wp-content\/uploads\/2023\/11\/crestliner-raptor-1750-768x513.jpg 768w\" sizes=\"(max-width: 800px) 100vw, 800px\" \/>\t\t\t\t\t<\/div>\n\t\t\t\t\n\t\t\t\t\t\t\t\t\t<h3 class=\"elementor-cta__title elementor-cta__content-item elementor-content-item\">\n\t\t\t\t\t\t1850 Sport Fish OB &amp; SST\t\t\t\t\t<\/h3>\n\t\t\t\t\n\t\t\t\t\t\t\t\t\t<div class=\"elementor-cta__description elementor-cta__content-item elementor-content-item\">\n\t\t\t\t\t\t<p>Un seul voyage avec le Crestliner 1850 Sportfish suffit et vous vous demanderez s'il y a quelque chose que ce bateau ne peut pas faire. Avec le pont avant multifonctionnel, vous pouvez transformer votre bateau de p\u00eache en bateau de sport nautique en quelques secondes. La coque en aluminium enti\u00e8rement soud\u00e9e offre une durabilit\u00e9 et une robustesse in\u00e9gal\u00e9es sur l'eau pour naviguer l\u00e0 o\u00f9 les autres bateaux ont besoin d'aller.<\/p>\n\t\t\t\t\t<\/div>\n\t\t\t\t\n\t\t\t\t\t\t\t<\/div>\n\t\t\t\t\t\t<\/a>\n\t\t\t\t\t\t<\/div>\n\t\t\t\t<\/div>\n\t\t\t\t\t<\/div>\n\t\t\t\t<\/div>\n\t\t<div class=\"elementor-element elementor-element-bbd218c e-flex e-con-boxed e-con e-child\" data-id=\"bbd218c\" data-element_type=\"container\" data-e-type=\"container\">\n\t\t\t\t\t<div class=\"e-con-inner\">\n\t\t\t\t<div class=\"elementor-element elementor-element-a612ec4 elementor-cta--valign-middle elementor-cta--skin-classic elementor-animated-content elementor-bg-transform elementor-bg-transform-zoom-in elementor-widget elementor-widget-call-to-action\" data-id=\"a612ec4\" data-element_type=\"widget\" data-e-type=\"widget\" data-widget_type=\"call-to-action.default\">\n\t\t\t\t<div class=\"elementor-widget-container\">\n\t\t\t\t\t\t\t<a class=\"elementor-cta\" href=\"https:\/\/www.crestlinerboats.eu\/en\/sportfish\/1950-sportfish-sst\/\">\n\t\t\t\t\t\t\t<div class=\"elementor-cta__content\">\n\t\t\t\t\t\t\t\t\t<div class=\"elementor-content-item elementor-cta__content-item elementor-cta__image\">\n\t\t\t\t\t\t<img alt=\"\" decoding=\"async\" width=\"800\" height=\"534\" src=\"https:\/\/wilke-marine.com\/wp-content\/uploads\/2023\/11\/crestliner-raptor-1850.jpg\" class=\"attachment-full size-full wp-image-1642\" alt=\"\" srcset=\"https:\/\/wilke-marine.com\/wp-content\/uploads\/2023\/11\/crestliner-raptor-1850.jpg 800w, https:\/\/wilke-marine.com\/wp-content\/uploads\/2023\/11\/crestliner-raptor-1850-300x200.jpg 300w, https:\/\/wilke-marine.com\/wp-content\/uploads\/2023\/11\/crestliner-raptor-1850-768x513.jpg 768w\" sizes=\"(max-width: 800px) 100vw, 800px\" \/>\t\t\t\t\t<\/div>\n\t\t\t\t\n\t\t\t\t\t\t\t\t\t<h3 class=\"elementor-cta__title elementor-cta__content-item elementor-content-item\">\n\t\t\t\t\t\t1950 Sport Fish SST\t\t\t\t\t<\/h3>\n\t\t\t\t\n\t\t\t\t\t\t\t\t\t<div class=\"elementor-cta__description elementor-cta__content-item elementor-content-item\">\n\t\t\t\t\t\t<p>Le Sport Fish 1950 multifonctionnel peut non seulement \u00eatre facilement transform\u00e9 d'un bateau de p\u00eache en bateau de plaisance, mais il dispose \u00e9galement d'un espace de rangement suffisant pour le mat\u00e9riel de p\u00eache et les skis nautiques ou les wakeboards. En plus des appareils \u00e9lectroniques, la console contient \u00e9galement un syst\u00e8me st\u00e9r\u00e9o avec fonctions Bluetooth.<\/p>\n\t\t\t\t\t<\/div>\n\t\t\t\t\n\t\t\t\t\t\t\t<\/div>\n\t\t\t\t\t\t<\/a>\n\t\t\t\t\t\t<\/div>\n\t\t\t\t<\/div>\n\t\t\t\t\t<\/div>\n\t\t\t\t<\/div>\n\t\t\t\t\t<\/div>\n\t\t\t\t<\/div>\n\t\t<div class=\"elementor-element elementor-element-d32c24e e-flex e-con-boxed e-con e-child\" data-id=\"d32c24e\" data-element_type=\"container\" data-e-type=\"container\" data-settings=\"{&quot;background_background&quot;:&quot;classic&quot;}\">\n\t\t\t\t\t<div class=\"e-con-inner\">\n\t\t<div class=\"elementor-element elementor-element-63ec6c6 e-flex e-con-boxed e-con e-child\" data-id=\"63ec6c6\" data-element_type=\"container\" data-e-type=\"container\">\n\t\t\t\t\t<div class=\"e-con-inner\">\n\t\t\t\t<div class=\"elementor-element elementor-element-94ea984 elementor-cta--valign-middle elementor-cta--skin-classic elementor-animated-content elementor-bg-transform elementor-bg-transform-zoom-in elementor-widget elementor-widget-call-to-action\" data-id=\"94ea984\" data-element_type=\"widget\" data-e-type=\"widget\" data-widget_type=\"call-to-action.default\">\n\t\t\t\t<div class=\"elementor-widget-container\">\n\t\t\t\t\t\t\t<a class=\"elementor-cta\" href=\"https:\/\/www.crestlinerboats.eu\/en\/sportfish\/2250-sportfish-sst\/\">\n\t\t\t\t\t\t\t<div class=\"elementor-cta__content\">\n\t\t\t\t\t\t\t\t\t<div class=\"elementor-content-item elementor-cta__content-item elementor-cta__image\">\n\t\t\t\t\t\t<img alt=\"\" decoding=\"async\" width=\"801\" height=\"534\" src=\"https:\/\/wilke-marine.com\/wp-content\/uploads\/2023\/11\/crestliner-raptor-2100.jpg\" class=\"attachment-full size-full wp-image-1643\" alt=\"\" srcset=\"https:\/\/wilke-marine.com\/wp-content\/uploads\/2023\/11\/crestliner-raptor-2100.jpg 801w, https:\/\/wilke-marine.com\/wp-content\/uploads\/2023\/11\/crestliner-raptor-2100-300x200.jpg 300w, https:\/\/wilke-marine.com\/wp-content\/uploads\/2023\/11\/crestliner-raptor-2100-768x512.jpg 768w\" sizes=\"(max-width: 801px) 100vw, 801px\" \/>\t\t\t\t\t<\/div>\n\t\t\t\t\n\t\t\t\t\t\t\t\t\t<h3 class=\"elementor-cta__title elementor-cta__content-item elementor-content-item\">\n\t\t\t\t\t\t2150 Sport Fish SST\t\t\t\t\t<\/h3>\n\t\t\t\t\n\t\t\t\t\t\t\t\t\t<div class=\"elementor-cta__description elementor-cta__content-item elementor-content-item\">\n\t\t\t\t\t\t<p>Que vous souhaitiez p\u00eacher ou faire de la planche, avec le Crestliner 2150 Sportfish tout est possible. Ce bateau de p\u00eache de 21 pieds en aluminium de premi\u00e8re qualit\u00e9 est dot\u00e9 d'un pont avant multifonctionnel qui permet de le transformer d'un bateau de p\u00eache optimal \u00e0 un bateau de sports nautiques en quelques secondes.<\/p>\n\t\t\t\t\t<\/div>\n\t\t\t\t\n\t\t\t\t\t\t\t<\/div>\n\t\t\t\t\t\t<\/a>\n\t\t\t\t\t\t<\/div>\n\t\t\t\t<\/div>\n\t\t\t\t\t<\/div>\n\t\t\t\t<\/div>\n\t\t\t\t\t<\/div>\n\t\t\t\t<\/div>\n\t\t\t\t\t<\/div>\n\t\t\t\t<\/div>\n\t\t<div class=\"elementor-element elementor-element-0f29ac5 e-flex e-con-boxed e-con e-parent\" data-id=\"0f29ac5\" data-element_type=\"container\" data-e-type=\"container\">\n\t\t\t\t\t<div class=\"e-con-inner\">\n\t\t\t\t<div class=\"elementor-element elementor-element-bbd9d0c elementor-align-center elementor-widget elementor-widget-button\" data-id=\"bbd9d0c\" data-element_type=\"widget\" data-e-type=\"widget\" data-widget_type=\"button.default\">\n\t\t\t\t<div class=\"elementor-widget-container\">\n\t\t\t\t\t\t\t\t\t<div class=\"elementor-button-wrapper\">\n\t\t\t\t\t<a class=\"elementor-button elementor-button-link elementor-size-sm\" href=\"https:\/\/wilke-marine.com\/fr\/contact\/\">\n\t\t\t\t\t\t<span class=\"elementor-button-content-wrapper\">\n\t\t\t\t\t\t\t\t\t<span class=\"elementor-button-text\">Prenez contact avec nous<\/span>\n\t\t\t\t\t<\/span>\n\t\t\t\t\t<\/a>\n\t\t\t\t<\/div>\n\t\t\t\t\t\t\t\t<\/div>\n\t\t\t\t<\/div>\n\t\t\t\t\t<\/div>\n\t\t\t\t<\/div>\n\t\t\t\t<\/div>\n\t\t","protected":false},"excerpt":{"rendered":"<p>Crestliner Sportfish La s\u00e9rie Crestlier Sport Fish Series est l&rsquo;option ultime pour les p\u00eacheurs en famille qui aiment aussi faire de la planche nautique ou du ski nautique. Ces bateaux polyvalents offrent une grande flexibilit\u00e9 gr\u00e2ce \u00e0 des options de conversion faciles. Transformez votre poisson de p\u00eache sportive en quelques minutes d&rsquo;un bateau de p\u00eache [&hellip;]<\/p>\n","protected":false},"author":1,"featured_media":0,"parent":0,"menu_order":0,"comment_status":"closed","ping_status":"closed","template":"","meta":{"_seopress_robots_primary_cat":"","_seopress_titles_title":"","_seopress_titles_desc":"","_seopress_robots_index":"","footnotes":""},"class_list":["post-1866","page","type-page","status-publish","hentry"],"jetpack_sharing_enabled":true,"_links":{"self":[{"href":"https:\/\/wilke-marine.com\/fr\/wp-json\/wp\/v2\/pages\/1866","targetHints":{"allow":["GET"]}}],"collection":[{"href":"https:\/\/wilke-marine.com\/fr\/wp-json\/wp\/v2\/pages"}],"about":[{"href":"https:\/\/wilke-marine.com\/fr\/wp-json\/wp\/v2\/types\/page"}],"author":[{"embeddable":true,"href":"https:\/\/wilke-marine.com\/fr\/wp-json\/wp\/v2\/users\/1"}],"replies":[{"embeddable":true,"href":"https:\/\/wilke-marine.com\/fr\/wp-json\/wp\/v2\/comments?post=1866"}],"version-history":[{"count":2,"href":"https:\/\/wilke-marine.com\/fr\/wp-json\/wp\/v2\/pages\/1866\/revisions"}],"predecessor-version":[{"id":1868,"href":"https:\/\/wilke-marine.com\/fr\/wp-json\/wp\/v2\/pages\/1866\/revisions\/1868"}],"wp:attachment":[{"href":"https:\/\/wilke-marine.com\/fr\/wp-json\/wp\/v2\/media?parent=1866"}],"curies":[{"name":"wp","href":"https:\/\/api.w.org\/{rel}","templated":true}]}}