{"id":1869,"date":"2023-11-27T12:14:39","date_gmt":"2023-11-27T12:14:39","guid":{"rendered":"https:\/\/wilke-marine.com\/crestliner-storm\/"},"modified":"2023-12-09T10:45:10","modified_gmt":"2023-12-09T10:45:10","slug":"crestliner-storm","status":"publish","type":"page","link":"https:\/\/wilke-marine.com\/fr\/crestliner-storm\/","title":{"rendered":"Crestliner Storm"},"content":{"rendered":"\t\t<div data-elementor-type=\"wp-page\" data-elementor-id=\"1869\" class=\"elementor elementor-1869 elementor-753\" data-elementor-post-type=\"page\">\n\t\t\t\t<div class=\"elementor-element elementor-element-abff353 e-flex e-con-boxed e-con e-parent\" data-id=\"abff353\" data-element_type=\"container\" data-e-type=\"container\">\n\t\t\t\t\t<div class=\"e-con-inner\">\n\t\t\t\t<div class=\"elementor-element elementor-element-aa2875e elementor-widget elementor-widget-heading\" data-id=\"aa2875e\" data-element_type=\"widget\" data-e-type=\"widget\" data-widget_type=\"heading.default\">\n\t\t\t\t<div class=\"elementor-widget-container\">\n\t\t\t\t\t<h1 class=\"elementor-heading-title elementor-size-default\">Crestliner Storm<\/h1>\t\t\t\t<\/div>\n\t\t\t\t<\/div>\n\t\t\t\t<div class=\"elementor-element elementor-element-a52ccd4 elementor-widget elementor-widget-text-editor\" data-id=\"a52ccd4\" data-element_type=\"widget\" data-e-type=\"widget\" data-widget_type=\"text-editor.default\">\n\t\t\t\t<div class=\"elementor-widget-container\">\n\t\t\t\t\t\t\t\t\t<p>Le Crestliner Storm est le bateau id\u00e9al au cas o\u00f9 vous voudriez p\u00eacher en toute tranquillit\u00e9. Lorsque vous \u00eates \u00e0 l&rsquo;aff\u00fbt, l&rsquo;agencement pratique facilite les man\u0153uvres et la coque en aluminium enti\u00e8rement soud\u00e9e offre une s\u00e9curit\u00e9 suppl\u00e9mentaire lorsque vous naviguez en eaux peu profondes. Les deux mod\u00e8les sont \u00e9galement \u00e9quip\u00e9s du sondeur PiranhaMAX 4.<\/p>\n<p><span style=\"color: #ff9900;\">Cliquez sur les photos pour plus d&rsquo;informations.<\/span><\/span><\/p>\n\t\t\t\t\t\t\t\t<\/div>\n\t\t\t\t<\/div>\n\t\t\t\t\t<\/div>\n\t\t\t\t<\/div>\n\t\t<div class=\"elementor-element elementor-element-617d757 e-flex e-con-boxed e-con e-parent\" data-id=\"617d757\" data-element_type=\"container\" data-e-type=\"container\">\n\t\t\t\t\t<div class=\"e-con-inner\">\n\t\t<div class=\"elementor-element elementor-element-a7134f7 e-flex e-con-boxed e-con e-child\" data-id=\"a7134f7\" data-element_type=\"container\" data-e-type=\"container\" data-settings=\"{&quot;background_background&quot;:&quot;classic&quot;}\">\n\t\t\t\t\t<div class=\"e-con-inner\">\n\t\t<div class=\"elementor-element elementor-element-e6bd164 e-flex e-con-boxed e-con e-child\" data-id=\"e6bd164\" data-element_type=\"container\" data-e-type=\"container\">\n\t\t\t\t\t<div class=\"e-con-inner\">\n\t\t\t\t<div class=\"elementor-element elementor-element-3ab9c6f elementor-cta--valign-middle elementor-cta--skin-classic elementor-animated-content elementor-bg-transform elementor-bg-transform-zoom-in elementor-widget elementor-widget-call-to-action\" data-id=\"3ab9c6f\" data-element_type=\"widget\" data-e-type=\"widget\" data-widget_type=\"call-to-action.default\">\n\t\t\t\t<div class=\"elementor-widget-container\">\n\t\t\t\t\t\t\t<a class=\"elementor-cta\" href=\"https:\/\/www.crestlinerboats.eu\/en\/storm\/1600-storm\/\">\n\t\t\t\t\t\t\t<div class=\"elementor-cta__content\">\n\t\t\t\t\t\t\t\t\t<div class=\"elementor-content-item elementor-cta__content-item elementor-cta__image\">\n\t\t\t\t\t\t<img alt=\"\" fetchpriority=\"high\" decoding=\"async\" width=\"800\" height=\"533\" src=\"https:\/\/wilke-marine.com\/wp-content\/uploads\/2023\/11\/crestliner-storm-1600.jpg\" class=\"attachment-full size-full wp-image-1645\" alt=\"\" srcset=\"https:\/\/wilke-marine.com\/wp-content\/uploads\/2023\/11\/crestliner-storm-1600.jpg 800w, https:\/\/wilke-marine.com\/wp-content\/uploads\/2023\/11\/crestliner-storm-1600-300x200.jpg 300w, https:\/\/wilke-marine.com\/wp-content\/uploads\/2023\/11\/crestliner-storm-1600-768x512.jpg 768w\" sizes=\"(max-width: 800px) 100vw, 800px\" \/>\t\t\t\t\t<\/div>\n\t\t\t\t\n\t\t\t\t\t\t\t\t\t<h3 class=\"elementor-cta__title elementor-cta__content-item elementor-content-item\">\n\t\t\t\t\t\t1600 Storm\t\t\t\t\t<\/h3>\n\t\t\t\t\n\t\t\t\t\t\t\t\t\t<div class=\"elementor-cta__description elementor-cta__content-item elementor-content-item\">\n\t\t\t\t\t\t<p>Polyvalence et durabilit\u00e9 sont combin\u00e9es dans le mod\u00e8le 1600 Storm. L'espace de rangement sous les si\u00e8ges avant et arri\u00e8re offre suffisamment d'espace pour vos accessoires. De plus, le bateau de p\u00eache est \u00e9quip\u00e9 d'un grand bac \u00e0 poisson et d'une bo\u00eete \u00e0 canne verrouillable.<\/p>\n\t\t\t\t\t<\/div>\n\t\t\t\t\n\t\t\t\t\t\t\t<\/div>\n\t\t\t\t\t\t<\/a>\n\t\t\t\t\t\t<\/div>\n\t\t\t\t<\/div>\n\t\t\t\t\t<\/div>\n\t\t\t\t<\/div>\n\t\t<div class=\"elementor-element elementor-element-bbd218c e-flex e-con-boxed e-con e-child\" data-id=\"bbd218c\" data-element_type=\"container\" data-e-type=\"container\">\n\t\t\t\t\t<div class=\"e-con-inner\">\n\t\t\t\t<div class=\"elementor-element elementor-element-a612ec4 elementor-cta--valign-middle elementor-cta--skin-classic elementor-animated-content elementor-bg-transform elementor-bg-transform-zoom-in elementor-widget elementor-widget-call-to-action\" data-id=\"a612ec4\" data-element_type=\"widget\" data-e-type=\"widget\" data-widget_type=\"call-to-action.default\">\n\t\t\t\t<div class=\"elementor-widget-container\">\n\t\t\t\t\t\t\t<a class=\"elementor-cta\" href=\"https:\/\/www.crestlinerboats.eu\/en\/storm\/1700-storm\/\">\n\t\t\t\t\t\t\t<div class=\"elementor-cta__content\">\n\t\t\t\t\t\t\t\t\t<div class=\"elementor-content-item elementor-cta__content-item elementor-cta__image\">\n\t\t\t\t\t\t<img alt=\"\" decoding=\"async\" width=\"800\" height=\"534\" src=\"https:\/\/wilke-marine.com\/wp-content\/uploads\/2023\/11\/crestliner-storm-1700.jpg\" class=\"attachment-full size-full wp-image-1646\" alt=\"\" srcset=\"https:\/\/wilke-marine.com\/wp-content\/uploads\/2023\/11\/crestliner-storm-1700.jpg 800w, https:\/\/wilke-marine.com\/wp-content\/uploads\/2023\/11\/crestliner-storm-1700-300x200.jpg 300w, https:\/\/wilke-marine.com\/wp-content\/uploads\/2023\/11\/crestliner-storm-1700-768x513.jpg 768w\" sizes=\"(max-width: 800px) 100vw, 800px\" \/>\t\t\t\t\t<\/div>\n\t\t\t\t\n\t\t\t\t\t\t\t\t\t<h3 class=\"elementor-cta__title elementor-cta__content-item elementor-content-item\">\n\t\t\t\t\t\t1700 Storm\t\t\t\t\t<\/h3>\n\t\t\t\t\n\t\t\t\t\t\t\t\t\t<div class=\"elementor-cta__description elementor-cta__content-item elementor-content-item\">\n\t\t\t\t\t\t<p>Avec son grand pont avant avec beaucoup d'espace pour s'asseoir, le 1700 Storm vous invite \u00e0 de plus longues excursions de p\u00eache. Il dispose d'un aquarium ventil\u00e9 et d'un grand espace de rangement pour les cannes \u00e0 p\u00eache et les accessoires.<\/p>\n\t\t\t\t\t<\/div>\n\t\t\t\t\n\t\t\t\t\t\t\t<\/div>\n\t\t\t\t\t\t<\/a>\n\t\t\t\t\t\t<\/div>\n\t\t\t\t<\/div>\n\t\t\t\t\t<\/div>\n\t\t\t\t<\/div>\n\t\t\t\t\t<\/div>\n\t\t\t\t<\/div>\n\t\t\t\t\t<\/div>\n\t\t\t\t<\/div>\n\t\t<div class=\"elementor-element elementor-element-0f29ac5 e-flex e-con-boxed e-con e-parent\" data-id=\"0f29ac5\" data-element_type=\"container\" data-e-type=\"container\">\n\t\t\t\t\t<div class=\"e-con-inner\">\n\t\t\t\t<div class=\"elementor-element elementor-element-bbd9d0c elementor-align-center elementor-widget elementor-widget-button\" data-id=\"bbd9d0c\" data-element_type=\"widget\" data-e-type=\"widget\" data-widget_type=\"button.default\">\n\t\t\t\t<div class=\"elementor-widget-container\">\n\t\t\t\t\t\t\t\t\t<div class=\"elementor-button-wrapper\">\n\t\t\t\t\t<a class=\"elementor-button elementor-button-link elementor-size-sm\" href=\"https:\/\/wilke-marine.com\/fr\/contact\/\">\n\t\t\t\t\t\t<span class=\"elementor-button-content-wrapper\">\n\t\t\t\t\t\t\t\t\t<span class=\"elementor-button-text\">Prenez contact avec nous<\/span>\n\t\t\t\t\t<\/span>\n\t\t\t\t\t<\/a>\n\t\t\t\t<\/div>\n\t\t\t\t\t\t\t\t<\/div>\n\t\t\t\t<\/div>\n\t\t\t\t\t<\/div>\n\t\t\t\t<\/div>\n\t\t\t\t<\/div>\n\t\t","protected":false},"excerpt":{"rendered":"<p>Crestliner Storm Le Crestliner Storm est le bateau id\u00e9al au cas o\u00f9 vous voudriez p\u00eacher en toute tranquillit\u00e9. Lorsque vous \u00eates \u00e0 l&rsquo;aff\u00fbt, l&rsquo;agencement pratique facilite les man\u0153uvres et la coque en aluminium enti\u00e8rement soud\u00e9e offre une s\u00e9curit\u00e9 suppl\u00e9mentaire lorsque vous naviguez en eaux peu profondes. Les deux mod\u00e8les sont \u00e9galement \u00e9quip\u00e9s du sondeur PiranhaMAX [&hellip;]<\/p>\n","protected":false},"author":1,"featured_media":0,"parent":0,"menu_order":0,"comment_status":"closed","ping_status":"closed","template":"","meta":{"_seopress_robots_primary_cat":"","_seopress_titles_title":"","_seopress_titles_desc":"","_seopress_robots_index":"","footnotes":""},"class_list":["post-1869","page","type-page","status-publish","hentry"],"jetpack_sharing_enabled":true,"_links":{"self":[{"href":"https:\/\/wilke-marine.com\/fr\/wp-json\/wp\/v2\/pages\/1869","targetHints":{"allow":["GET"]}}],"collection":[{"href":"https:\/\/wilke-marine.com\/fr\/wp-json\/wp\/v2\/pages"}],"about":[{"href":"https:\/\/wilke-marine.com\/fr\/wp-json\/wp\/v2\/types\/page"}],"author":[{"embeddable":true,"href":"https:\/\/wilke-marine.com\/fr\/wp-json\/wp\/v2\/users\/1"}],"replies":[{"embeddable":true,"href":"https:\/\/wilke-marine.com\/fr\/wp-json\/wp\/v2\/comments?post=1869"}],"version-history":[{"count":2,"href":"https:\/\/wilke-marine.com\/fr\/wp-json\/wp\/v2\/pages\/1869\/revisions"}],"predecessor-version":[{"id":1871,"href":"https:\/\/wilke-marine.com\/fr\/wp-json\/wp\/v2\/pages\/1869\/revisions\/1871"}],"wp:attachment":[{"href":"https:\/\/wilke-marine.com\/fr\/wp-json\/wp\/v2\/media?parent=1869"}],"curies":[{"name":"wp","href":"https:\/\/api.w.org\/{rel}","templated":true}]}}