{"id":1872,"date":"2023-11-27T18:23:21","date_gmt":"2023-11-27T18:23:21","guid":{"rendered":"https:\/\/wilke-marine.com\/crestliner-super-hawk\/"},"modified":"2024-01-27T09:48:52","modified_gmt":"2024-01-27T09:48:52","slug":"crestliner-super-hawk","status":"publish","type":"page","link":"https:\/\/wilke-marine.com\/fr\/crestliner-super-hawk\/","title":{"rendered":"Crestliner Super Hawk"},"content":{"rendered":"\t\t<div data-elementor-type=\"wp-page\" data-elementor-id=\"1872\" class=\"elementor elementor-1872 elementor-765\" data-elementor-post-type=\"page\">\n\t\t\t\t<div class=\"elementor-element elementor-element-abff353 e-flex e-con-boxed e-con e-parent\" data-id=\"abff353\" data-element_type=\"container\" data-e-type=\"container\">\n\t\t\t\t\t<div class=\"e-con-inner\">\n\t\t\t\t<div class=\"elementor-element elementor-element-aa2875e elementor-widget elementor-widget-heading\" data-id=\"aa2875e\" data-element_type=\"widget\" data-e-type=\"widget\" data-widget_type=\"heading.default\">\n\t\t\t\t<div class=\"elementor-widget-container\">\n\t\t\t\t\t<h1 class=\"elementor-heading-title elementor-size-default\">Crestliner Super Hawk<\/h1>\t\t\t\t<\/div>\n\t\t\t\t<\/div>\n\t\t\t\t<div class=\"elementor-element elementor-element-a52ccd4 elementor-widget elementor-widget-text-editor\" data-id=\"a52ccd4\" data-element_type=\"widget\" data-e-type=\"widget\" data-widget_type=\"text-editor.default\">\n\t\t\t\t<div class=\"elementor-widget-container\">\n\t\t\t\t\t\t\t\t\t<p>Le Super Hawk est la combinaison ultime de polyvalence et de performance. Gr\u00e2ce \u00e0 la coque enti\u00e8rement soud\u00e9e du Crestliner et \u00e0 sa conception intuitive, vous pouvez faire tout ce que vous voulez sur l&rsquo;eau avec ce bateau polyvalent.<\/p>\n<p>Le bateau de p\u00eache peut \u00eatre transform\u00e9 en bateau de sport en quelques secondes. Gr\u00e2ce \u00e0 la puissance d\u00e9brid\u00e9e, aucun compromis n&rsquo;est n\u00e9cessaire.<\/p>\n<p><span style=\"color: #ff9900;\">Cliquez sur les photos pour obtenir des informations d\u00e9taill\u00e9es.<\/p>\n\t\t\t\t\t\t\t\t<\/div>\n\t\t\t\t<\/div>\n\t\t\t\t\t<\/div>\n\t\t\t\t<\/div>\n\t\t<div class=\"elementor-element elementor-element-617d757 e-flex e-con-boxed e-con e-parent\" data-id=\"617d757\" data-element_type=\"container\" data-e-type=\"container\">\n\t\t\t\t\t<div class=\"e-con-inner\">\n\t\t<div class=\"elementor-element elementor-element-a7134f7 e-flex e-con-boxed e-con e-child\" data-id=\"a7134f7\" data-element_type=\"container\" data-e-type=\"container\" data-settings=\"{&quot;background_background&quot;:&quot;classic&quot;}\">\n\t\t\t\t\t<div class=\"e-con-inner\">\n\t\t<div class=\"elementor-element elementor-element-e6bd164 e-flex e-con-boxed e-con e-child\" data-id=\"e6bd164\" data-element_type=\"container\" data-e-type=\"container\">\n\t\t\t\t\t<div class=\"e-con-inner\">\n\t\t\t\t<div class=\"elementor-element elementor-element-3ab9c6f elementor-cta--valign-middle elementor-cta--skin-classic elementor-animated-content elementor-bg-transform elementor-bg-transform-zoom-in elementor-widget elementor-widget-call-to-action\" data-id=\"3ab9c6f\" data-element_type=\"widget\" data-e-type=\"widget\" data-widget_type=\"call-to-action.default\">\n\t\t\t\t<div class=\"elementor-widget-container\">\n\t\t\t\t\t\t\t<a class=\"elementor-cta\" href=\"https:\/\/www.crestlinerboats.eu\/en\/super-hawk\/1650-super-hawk\/\">\n\t\t\t\t\t\t\t<div class=\"elementor-cta__content\">\n\t\t\t\t\t\t\t\t\t<div class=\"elementor-content-item elementor-cta__content-item elementor-cta__image\">\n\t\t\t\t\t\t<img alt=\"\" fetchpriority=\"high\" decoding=\"async\" width=\"768\" height=\"513\" src=\"https:\/\/wilke-marine.com\/wp-content\/uploads\/2023\/11\/crestliner-super-hawk-1650-768x513-1.jpg\" class=\"attachment-full size-full wp-image-1647\" alt=\"\" srcset=\"https:\/\/wilke-marine.com\/wp-content\/uploads\/2023\/11\/crestliner-super-hawk-1650-768x513-1.jpg.webp 768w, https:\/\/wilke-marine.com\/wp-content\/uploads\/2023\/11\/crestliner-super-hawk-1650-768x513-1-300x200.jpg.webp 300w\" sizes=\"(max-width: 768px) 100vw, 768px\" \/>\t\t\t\t\t<\/div>\n\t\t\t\t\n\t\t\t\t\t\t\t\t\t<h3 class=\"elementor-cta__title elementor-cta__content-item elementor-content-item\">\n\t\t\t\t\t\t1650 Super Hawk\t\t\t\t\t<\/h3>\n\t\t\t\t\n\t\t\t\t\t\t\t\t\t<div class=\"elementor-cta__description elementor-cta__content-item elementor-content-item\">\n\t\t\t\t\t\t<p>Le Super Hawk 1650 est le bateau id\u00e9al pour les rats d'eau ayant de nombreuses passions. Le bateau de p\u00eache peut facilement \u00eatre transform\u00e9 en un puissant bateau de sport nautique. La conception ing\u00e9nieuse vous permet de cr\u00e9er diff\u00e9rentes configurations de pont.<\/p>\n\t\t\t\t\t<\/div>\n\t\t\t\t\n\t\t\t\t\t\t\t<\/div>\n\t\t\t\t\t\t<\/a>\n\t\t\t\t\t\t<\/div>\n\t\t\t\t<\/div>\n\t\t\t\t\t<\/div>\n\t\t\t\t<\/div>\n\t\t<div class=\"elementor-element elementor-element-bbd218c e-flex e-con-boxed e-con e-child\" data-id=\"bbd218c\" data-element_type=\"container\" data-e-type=\"container\">\n\t\t\t\t\t<div class=\"e-con-inner\">\n\t\t\t\t<div class=\"elementor-element elementor-element-a612ec4 elementor-cta--valign-middle elementor-cta--skin-classic elementor-animated-content elementor-bg-transform elementor-bg-transform-zoom-in elementor-widget elementor-widget-call-to-action\" data-id=\"a612ec4\" data-element_type=\"widget\" data-e-type=\"widget\" data-widget_type=\"call-to-action.default\">\n\t\t\t\t<div class=\"elementor-widget-container\">\n\t\t\t\t\t\t\t<a class=\"elementor-cta\" href=\"https:\/\/www.crestlinerboats.eu\/en\/super-hawk\/1750-super-hawk\/\">\n\t\t\t\t\t\t\t<div class=\"elementor-cta__content\">\n\t\t\t\t\t\t\t\t\t<div class=\"elementor-content-item elementor-cta__content-item elementor-cta__image\">\n\t\t\t\t\t\t<img alt=\"\" decoding=\"async\" width=\"768\" height=\"513\" src=\"https:\/\/wilke-marine.com\/wp-content\/uploads\/2023\/11\/crestliner-super-hawk-1750-768x513-1.jpg\" class=\"attachment-full size-full wp-image-1648\" alt=\"\" srcset=\"https:\/\/wilke-marine.com\/wp-content\/uploads\/2023\/11\/crestliner-super-hawk-1750-768x513-1.jpg 768w, https:\/\/wilke-marine.com\/wp-content\/uploads\/2023\/11\/crestliner-super-hawk-1750-768x513-1-300x200.jpg.webp 300w\" sizes=\"(max-width: 768px) 100vw, 768px\" \/>\t\t\t\t\t<\/div>\n\t\t\t\t\n\t\t\t\t\t\t\t\t\t<h3 class=\"elementor-cta__title elementor-cta__content-item elementor-content-item\">\n\t\t\t\t\t\t1750 Super Hawk\t\t\t\t\t<\/h3>\n\t\t\t\t\n\t\t\t\t\t\t\t\t\t<div class=\"elementor-cta__description elementor-cta__content-item elementor-content-item\">\n\t\t\t\t\t\t<p>Ce bateau durable allie p\u00eache et plaisir pour toute la famille. Pour la p\u00eache, les bacs \u00e0 poissons offrent de l'espace pour vos prises quotidiennes. La construction sous le plancher abrite vos cannes et votre \u00e9quipement de sport. Les ponts avant et arri\u00e8re sont rapidement transform\u00e9s en si\u00e8ges suppl\u00e9mentaires.<\/p>\n\t\t\t\t\t<\/div>\n\t\t\t\t\n\t\t\t\t\t\t\t<\/div>\n\t\t\t\t\t\t<\/a>\n\t\t\t\t\t\t<\/div>\n\t\t\t\t<\/div>\n\t\t\t\t\t<\/div>\n\t\t\t\t<\/div>\n\t\t\t\t\t<\/div>\n\t\t\t\t<\/div>\n\t\t<div class=\"elementor-element elementor-element-3bddc51 e-flex e-con-boxed e-con e-child\" data-id=\"3bddc51\" data-element_type=\"container\" data-e-type=\"container\" data-settings=\"{&quot;background_background&quot;:&quot;classic&quot;}\">\n\t\t\t\t\t<div class=\"e-con-inner\">\n\t\t<div class=\"elementor-element elementor-element-c760f5d e-flex e-con-boxed e-con e-child\" data-id=\"c760f5d\" data-element_type=\"container\" data-e-type=\"container\">\n\t\t\t\t\t<div class=\"e-con-inner\">\n\t\t\t\t<div class=\"elementor-element elementor-element-a5b8bcb elementor-cta--valign-middle elementor-cta--skin-classic elementor-animated-content elementor-bg-transform elementor-bg-transform-zoom-in elementor-widget elementor-widget-call-to-action\" data-id=\"a5b8bcb\" data-element_type=\"widget\" data-e-type=\"widget\" data-widget_type=\"call-to-action.default\">\n\t\t\t\t<div class=\"elementor-widget-container\">\n\t\t\t\t\t\t\t<a class=\"elementor-cta\" href=\"https:\/\/www.crestlinerboats.eu\/en\/super-hawk\/1850-super-hawk\/\">\n\t\t\t\t\t\t\t<div class=\"elementor-cta__content\">\n\t\t\t\t\t\t\t\t\t<div class=\"elementor-content-item elementor-cta__content-item elementor-cta__image\">\n\t\t\t\t\t\t<img alt=\"\" decoding=\"async\" width=\"768\" height=\"513\" src=\"https:\/\/wilke-marine.com\/wp-content\/uploads\/2023\/11\/crestliner-super-hawk-1850-768x513-1.jpg\" class=\"attachment-full size-full wp-image-1649\" alt=\"\" srcset=\"https:\/\/wilke-marine.com\/wp-content\/uploads\/2023\/11\/crestliner-super-hawk-1850-768x513-1.jpg.webp 768w, https:\/\/wilke-marine.com\/wp-content\/uploads\/2023\/11\/crestliner-super-hawk-1850-768x513-1-300x200.jpg.webp 300w\" sizes=\"(max-width: 768px) 100vw, 768px\" \/>\t\t\t\t\t<\/div>\n\t\t\t\t\n\t\t\t\t\t\t\t\t\t<h3 class=\"elementor-cta__title elementor-cta__content-item elementor-content-item\">\n\t\t\t\t\t\t1850 Super Hawk\t\t\t\t\t<\/h3>\n\t\t\t\t\n\t\t\t\t\t\t\t\t\t<div class=\"elementor-cta__description elementor-cta__content-item elementor-content-item\">\n\t\t\t\t\t\t<p>Que ce soit une journ\u00e9e de p\u00eache tranquille ou une journ\u00e9e pleine d'action de sports nautiques. Le Super Hawk 1850 est pr\u00eat pour toute aventure sur l'eau. Les si\u00e8ges confortables ou la console haut de gamme offrent beaucoup de confort. Il y a des porte-boissons et m\u00eame une cha\u00eene st\u00e9r\u00e9o Bluetooth.<\/p>\n\t\t\t\t\t<\/div>\n\t\t\t\t\n\t\t\t\t\t\t\t<\/div>\n\t\t\t\t\t\t<\/a>\n\t\t\t\t\t\t<\/div>\n\t\t\t\t<\/div>\n\t\t\t\t\t<\/div>\n\t\t\t\t<\/div>\n\t\t<div class=\"elementor-element elementor-element-6be1be1 e-flex e-con-boxed e-con e-child\" data-id=\"6be1be1\" data-element_type=\"container\" data-e-type=\"container\">\n\t\t\t\t\t<div class=\"e-con-inner\">\n\t\t\t\t<div class=\"elementor-element elementor-element-371843f elementor-cta--valign-middle elementor-cta--skin-classic elementor-animated-content elementor-bg-transform elementor-bg-transform-zoom-in elementor-widget elementor-widget-call-to-action\" data-id=\"371843f\" data-element_type=\"widget\" data-e-type=\"widget\" data-widget_type=\"call-to-action.default\">\n\t\t\t\t<div class=\"elementor-widget-container\">\n\t\t\t\t\t\t\t<a class=\"elementor-cta\" href=\"https:\/\/www.crestlinerboats.eu\/en\/super-hawk\/1950-super-hawk\/\">\n\t\t\t\t\t\t\t<div class=\"elementor-cta__content\">\n\t\t\t\t\t\t\t\t\t<div class=\"elementor-content-item elementor-cta__content-item elementor-cta__image\">\n\t\t\t\t\t\t<img alt=\"\" loading=\"lazy\" decoding=\"async\" width=\"768\" height=\"512\" src=\"https:\/\/wilke-marine.com\/wp-content\/uploads\/2023\/11\/crestliner-super-hawk-1950-768x512-1.jpg\" class=\"attachment-full size-full wp-image-1650\" alt=\"\" srcset=\"https:\/\/wilke-marine.com\/wp-content\/uploads\/2023\/11\/crestliner-super-hawk-1950-768x512-1.jpg 768w, https:\/\/wilke-marine.com\/wp-content\/uploads\/2023\/11\/crestliner-super-hawk-1950-768x512-1-300x200.jpg.webp 300w\" sizes=\"(max-width: 768px) 100vw, 768px\" \/>\t\t\t\t\t<\/div>\n\t\t\t\t\n\t\t\t\t\t\t\t\t\t<h3 class=\"elementor-cta__title elementor-cta__content-item elementor-content-item\">\n\t\t\t\t\t\t1950 Super Hawk\t\t\t\t\t<\/h3>\n\t\t\t\t\n\t\t\t\t\t\t\t\t\t<div class=\"elementor-cta__description elementor-cta__content-item elementor-content-item\">\n\t\t\t\t\t\t<p>Sur le Super Hawk 1950, vous trouverez suffisamment d'espace pour l'\u00e9quipement de toute la famille. Le moteur puissant est id\u00e9al pour la planche nautique et le ski nautique. Le pont avant multifonctionnel peut \u00eatre rapidement \u00e9quip\u00e9 de si\u00e8ges.<\/p>\n\t\t\t\t\t<\/div>\n\t\t\t\t\n\t\t\t\t\t\t\t<\/div>\n\t\t\t\t\t\t<\/a>\n\t\t\t\t\t\t<\/div>\n\t\t\t\t<\/div>\n\t\t\t\t\t<\/div>\n\t\t\t\t<\/div>\n\t\t\t\t\t<\/div>\n\t\t\t\t<\/div>\n\t\t\t\t\t<\/div>\n\t\t\t\t<\/div>\n\t\t<div class=\"elementor-element elementor-element-0f29ac5 e-flex e-con-boxed e-con e-parent\" data-id=\"0f29ac5\" data-element_type=\"container\" data-e-type=\"container\">\n\t\t\t\t\t<div class=\"e-con-inner\">\n\t\t\t\t<div class=\"elementor-element elementor-element-bbd9d0c elementor-align-center elementor-widget elementor-widget-button\" data-id=\"bbd9d0c\" data-element_type=\"widget\" data-e-type=\"widget\" data-widget_type=\"button.default\">\n\t\t\t\t<div class=\"elementor-widget-container\">\n\t\t\t\t\t\t\t\t\t<div class=\"elementor-button-wrapper\">\n\t\t\t\t\t<a class=\"elementor-button elementor-button-link elementor-size-sm\" href=\"https:\/\/wilke-marine.com\/fr\/contact\/\">\n\t\t\t\t\t\t<span class=\"elementor-button-content-wrapper\">\n\t\t\t\t\t\t\t\t\t<span class=\"elementor-button-text\">Prenez contact avec nous<\/span>\n\t\t\t\t\t<\/span>\n\t\t\t\t\t<\/a>\n\t\t\t\t<\/div>\n\t\t\t\t\t\t\t\t<\/div>\n\t\t\t\t<\/div>\n\t\t\t\t\t<\/div>\n\t\t\t\t<\/div>\n\t\t\t\t<\/div>\n\t\t","protected":false},"excerpt":{"rendered":"<p>Crestliner Super Hawk Le Super Hawk est la combinaison ultime de polyvalence et de performance. Gr\u00e2ce \u00e0 la coque enti\u00e8rement soud\u00e9e du Crestliner et \u00e0 sa conception intuitive, vous pouvez faire tout ce que vous voulez sur l&rsquo;eau avec ce bateau polyvalent. Le bateau de p\u00eache peut \u00eatre transform\u00e9 en bateau de sport en quelques [&hellip;]<\/p>\n","protected":false},"author":1,"featured_media":0,"parent":0,"menu_order":0,"comment_status":"closed","ping_status":"closed","template":"","meta":{"_seopress_robots_primary_cat":"","_seopress_titles_title":"","_seopress_titles_desc":"","_seopress_robots_index":"","footnotes":""},"class_list":["post-1872","page","type-page","status-publish","hentry"],"jetpack_sharing_enabled":true,"_links":{"self":[{"href":"https:\/\/wilke-marine.com\/fr\/wp-json\/wp\/v2\/pages\/1872","targetHints":{"allow":["GET"]}}],"collection":[{"href":"https:\/\/wilke-marine.com\/fr\/wp-json\/wp\/v2\/pages"}],"about":[{"href":"https:\/\/wilke-marine.com\/fr\/wp-json\/wp\/v2\/types\/page"}],"author":[{"embeddable":true,"href":"https:\/\/wilke-marine.com\/fr\/wp-json\/wp\/v2\/users\/1"}],"replies":[{"embeddable":true,"href":"https:\/\/wilke-marine.com\/fr\/wp-json\/wp\/v2\/comments?post=1872"}],"version-history":[{"count":3,"href":"https:\/\/wilke-marine.com\/fr\/wp-json\/wp\/v2\/pages\/1872\/revisions"}],"predecessor-version":[{"id":2462,"href":"https:\/\/wilke-marine.com\/fr\/wp-json\/wp\/v2\/pages\/1872\/revisions\/2462"}],"wp:attachment":[{"href":"https:\/\/wilke-marine.com\/fr\/wp-json\/wp\/v2\/media?parent=1872"}],"curies":[{"name":"wp","href":"https:\/\/api.w.org\/{rel}","templated":true}]}}