{"id":1964,"date":"2023-11-29T11:29:18","date_gmt":"2023-11-29T11:29:18","guid":{"rendered":"https:\/\/wilke-marine.com\/starweld-boats\/"},"modified":"2024-01-27T10:07:31","modified_gmt":"2024-01-27T10:07:31","slug":"starweld-boats","status":"publish","type":"page","link":"https:\/\/wilke-marine.com\/fr\/starweld-boats\/","title":{"rendered":"Starweld Boats"},"content":{"rendered":"\t\t<div data-elementor-type=\"wp-page\" data-elementor-id=\"1964\" class=\"elementor elementor-1964 elementor-961\" data-elementor-post-type=\"page\">\n\t\t\t\t<div class=\"elementor-element elementor-element-3d34740 e-flex e-con-boxed e-con e-parent\" data-id=\"3d34740\" data-element_type=\"container\" data-e-type=\"container\" data-settings=\"{&quot;background_background&quot;:&quot;classic&quot;}\">\n\t\t\t\t\t<div class=\"e-con-inner\">\n\t\t\t\t\t<\/div>\n\t\t\t\t<\/div>\n\t\t<div class=\"elementor-element elementor-element-3ab4665 e-flex e-con-boxed e-con e-parent\" data-id=\"3ab4665\" data-element_type=\"container\" data-e-type=\"container\">\n\t\t\t\t\t<div class=\"e-con-inner\">\n\t\t\t\t<div class=\"elementor-element elementor-element-3822483 elementor-widget elementor-widget-heading\" data-id=\"3822483\" data-element_type=\"widget\" data-e-type=\"widget\" data-widget_type=\"heading.default\">\n\t\t\t\t<div class=\"elementor-widget-container\">\n\t\t\t\t\t<h1 class=\"elementor-heading-title elementor-size-default\">Bateaux Starweld - Bateaux de p\u00eache pour professionnels et familles<\/h1>\t\t\t\t<\/div>\n\t\t\t\t<\/div>\n\t\t\t\t<div class=\"elementor-element elementor-element-fffc7dd elementor-widget elementor-widget-heading\" data-id=\"fffc7dd\" data-element_type=\"widget\" data-e-type=\"widget\" data-widget_type=\"heading.default\">\n\t\t\t\t<div class=\"elementor-widget-container\">\n\t\t\t\t\t<h4 class=\"elementor-heading-title elementor-size-default\">La p\u00eache intelligente commence avec un bateau plus intelligent<\/h4>\t\t\t\t<\/div>\n\t\t\t\t<\/div>\n\t\t\t\t<div class=\"elementor-element elementor-element-287a4da elementor-widget elementor-widget-text-editor\" data-id=\"287a4da\" data-element_type=\"widget\" data-e-type=\"widget\" data-widget_type=\"text-editor.default\">\n\t\t\t\t<div class=\"elementor-widget-container\">\n\t\t\t\t\t\t\t\t\t<p>Les bateaux de p\u00eache Starweld sont aussi r\u00e9sistants que les capitaines qui d\u00e9pendent d&rsquo;eux. C&rsquo;est parce que Starweld travaille avec des professionnels absolus pour offrir la meilleure exp\u00e9rience de p\u00eache. A savoir, des gars qui sont l\u00e0 tous les jours et qui savent ce qu&rsquo;il faut pour \u00eatre un gagnant \u00e0 la p\u00eache.<\/p>\n\t\t\t\t\t\t\t\t<\/div>\n\t\t\t\t<\/div>\n\t\t\t\t\t<\/div>\n\t\t\t\t<\/div>\n\t\t<div class=\"elementor-element elementor-element-8e86930 e-flex e-con-boxed e-con e-parent\" data-id=\"8e86930\" data-element_type=\"container\" data-e-type=\"container\" data-settings=\"{&quot;background_background&quot;:&quot;classic&quot;}\">\n\t\t\t\t\t<div class=\"e-con-inner\">\n\t\t<div class=\"elementor-element elementor-element-c5bf4b4 e-flex e-con-boxed e-con e-child\" data-id=\"c5bf4b4\" data-element_type=\"container\" data-e-type=\"container\">\n\t\t\t\t\t<div class=\"e-con-inner\">\n\t\t<div class=\"elementor-element elementor-element-11a7cfd e-flex e-con-boxed e-con e-child\" data-id=\"11a7cfd\" data-element_type=\"container\" data-e-type=\"container\">\n\t\t\t\t\t<div class=\"e-con-inner\">\n\t\t\t\t<div class=\"elementor-element elementor-element-af1ee4f elementor-widget elementor-widget-heading\" data-id=\"af1ee4f\" data-element_type=\"widget\" data-e-type=\"widget\" data-widget_type=\"heading.default\">\n\t\t\t\t<div class=\"elementor-widget-container\">\n\t\t\t\t\t<h2 class=\"elementor-heading-title elementor-size-default\">Fusion 16<\/h2>\t\t\t\t<\/div>\n\t\t\t\t<\/div>\n\t\t\t\t<div class=\"elementor-element elementor-element-1054dd5 elementor-widget elementor-widget-image\" data-id=\"1054dd5\" data-element_type=\"widget\" data-e-type=\"widget\" data-widget_type=\"image.default\">\n\t\t\t\t<div class=\"elementor-widget-container\">\n\t\t\t\t\t\t\t\t\t\t\t\t\t\t\t\t<a href=\"https:\/\/wilke-marine.com\/fr\/starweld-fusion-16\/\">\n\t\t\t\t\t\t\t<img alt=\"\" fetchpriority=\"high\" decoding=\"async\" width=\"1200\" height=\"674\" src=\"https:\/\/wilke-marine.com\/wp-content\/uploads\/2023\/11\/starweld-fusion-16.jpg\" class=\"attachment-full size-full wp-image-1712\" alt=\"\" srcset=\"https:\/\/wilke-marine.com\/wp-content\/uploads\/2023\/11\/starweld-fusion-16.jpg 1200w, https:\/\/wilke-marine.com\/wp-content\/uploads\/2023\/11\/starweld-fusion-16-300x169.jpg 300w, https:\/\/wilke-marine.com\/wp-content\/uploads\/2023\/11\/starweld-fusion-16-1024x575.jpg 1024w, https:\/\/wilke-marine.com\/wp-content\/uploads\/2023\/11\/starweld-fusion-16-768x431.jpg 768w\" sizes=\"(max-width: 1200px) 100vw, 1200px\" \/>\t\t\t\t\t\t\t\t<\/a>\n\t\t\t\t\t\t\t\t\t\t\t\t\t\t\t<\/div>\n\t\t\t\t<\/div>\n\t\t\t\t<div class=\"elementor-element elementor-element-67b624a elementor-widget elementor-widget-text-editor\" data-id=\"67b624a\" data-element_type=\"widget\" data-e-type=\"widget\" data-widget_type=\"text-editor.default\">\n\t\t\t\t<div class=\"elementor-widget-container\">\n\t\t\t\t\t\t\t\t\t<p>Deux \u00e9normes ponts de casting, des livewells massifs, des planchers en vinyle et assez de place pour toute la famille et tous vos amis, la nouvelle s\u00e9rie Fusion de Starweld est le bateau qu&rsquo;il vous faut.\u00a0 \u00c9quip\u00e9 d&rsquo;une multitude de rangements de cannes verrouillables et de si\u00e8ges de p\u00eache mobiles de luxe, vous p\u00eacherez avec plaisir. \u00a0<a title=\"Link zu Starweld Fusion 16\" contenteditable=\"false\" href=\"https:\/\/wilke-marine.com\/starweld-fusion-16\/\">D\u00e9tails &#8211; cliquez ici<\/a><\/p>\n\t\t\t\t\t\t\t\t<\/div>\n\t\t\t\t<\/div>\n\t\t\t\t\t<\/div>\n\t\t\t\t<\/div>\n\t\t<div class=\"elementor-element elementor-element-861bdc7 e-flex e-con-boxed e-con e-child\" data-id=\"861bdc7\" data-element_type=\"container\" data-e-type=\"container\">\n\t\t\t\t\t<div class=\"e-con-inner\">\n\t\t\t\t<div class=\"elementor-element elementor-element-d03b288 elementor-widget elementor-widget-heading\" data-id=\"d03b288\" data-element_type=\"widget\" data-e-type=\"widget\" data-widget_type=\"heading.default\">\n\t\t\t\t<div class=\"elementor-widget-container\">\n\t\t\t\t\t<h2 class=\"elementor-heading-title elementor-size-default\">Spark 16<\/h2>\t\t\t\t<\/div>\n\t\t\t\t<\/div>\n\t\t\t\t<div class=\"elementor-element elementor-element-1859549 elementor-widget elementor-widget-image\" data-id=\"1859549\" data-element_type=\"widget\" data-e-type=\"widget\" data-widget_type=\"image.default\">\n\t\t\t\t<div class=\"elementor-widget-container\">\n\t\t\t\t\t\t\t\t\t\t\t\t\t\t\t\t<a href=\"https:\/\/wilke-marine.com\/fr\/starweld-spark-16\/\">\n\t\t\t\t\t\t\t<img alt=\"\" decoding=\"async\" width=\"1200\" height=\"674\" src=\"https:\/\/wilke-marine.com\/wp-content\/uploads\/2023\/11\/starweld-spark-16.jpg\" class=\"attachment-full size-full wp-image-1713\" alt=\"\" srcset=\"https:\/\/wilke-marine.com\/wp-content\/uploads\/2023\/11\/starweld-spark-16.jpg 1200w, https:\/\/wilke-marine.com\/wp-content\/uploads\/2023\/11\/starweld-spark-16-300x169.jpg 300w, https:\/\/wilke-marine.com\/wp-content\/uploads\/2023\/11\/starweld-spark-16-1024x575.jpg 1024w, https:\/\/wilke-marine.com\/wp-content\/uploads\/2023\/11\/starweld-spark-16-768x431.jpg 768w\" sizes=\"(max-width: 1200px) 100vw, 1200px\" \/>\t\t\t\t\t\t\t\t<\/a>\n\t\t\t\t\t\t\t\t\t\t\t\t\t\t\t<\/div>\n\t\t\t\t<\/div>\n\t\t\t\t<div class=\"elementor-element elementor-element-380fc5f elementor-widget elementor-widget-text-editor\" data-id=\"380fc5f\" data-element_type=\"widget\" data-e-type=\"widget\" data-widget_type=\"text-editor.default\">\n\t\t\t\t<div class=\"elementor-widget-container\">\n\t\t\t\t\t\t\t\t\t<p>Les grands ponts de casting, les planchers enti\u00e8rement en vinyle, les si\u00e8ges de p\u00eache mobiles et les \u00e9normes bo\u00eetes \u00e0 app\u00e2ts vivants ventil\u00e9es ne sont que quelques-unes des commodit\u00e9s du Starweld Spark. Vous avez le choix entre un mod\u00e8le \u00e0 double console, \u00e0 console lat\u00e9rale ou \u00e0 barre franche, tous fabriqu\u00e9s en aluminium de calibre .100.\u00a0<a title=\"Link zu Starweld Spark 16\" contenteditable=\"false\" href=\"https:\/\/wilke-marine.com\/starweld-spark-16\/\">D\u00e9tails &#8211; cliquez ici<\/a><\/p>\n\t\t\t\t\t\t\t\t<\/div>\n\t\t\t\t<\/div>\n\t\t\t\t\t<\/div>\n\t\t\t\t<\/div>\n\t\t\t\t\t<\/div>\n\t\t\t\t<\/div>\n\t\t<div class=\"elementor-element elementor-element-83aa129 e-flex e-con-boxed e-con e-child\" data-id=\"83aa129\" data-element_type=\"container\" data-e-type=\"container\">\n\t\t\t\t\t<div class=\"e-con-inner\">\n\t\t<div class=\"elementor-element elementor-element-e125fcf e-flex e-con-boxed e-con e-child\" data-id=\"e125fcf\" data-element_type=\"container\" data-e-type=\"container\">\n\t\t\t\t\t<div class=\"e-con-inner\">\n\t\t\t\t<div class=\"elementor-element elementor-element-5be1da7 elementor-widget elementor-widget-heading\" data-id=\"5be1da7\" data-element_type=\"widget\" data-e-type=\"widget\" data-widget_type=\"heading.default\">\n\t\t\t\t<div class=\"elementor-widget-container\">\n\t\t\t\t\t<h2 class=\"elementor-heading-title elementor-size-default\">Fusion 16 Pro<\/h2>\t\t\t\t<\/div>\n\t\t\t\t<\/div>\n\t\t\t\t<div class=\"elementor-element elementor-element-b6cd8e1 elementor-widget elementor-widget-image\" data-id=\"b6cd8e1\" data-element_type=\"widget\" data-e-type=\"widget\" data-widget_type=\"image.default\">\n\t\t\t\t<div class=\"elementor-widget-container\">\n\t\t\t\t\t\t\t\t\t\t\t\t\t\t\t\t<a href=\"https:\/\/wilke-marine.com\/fr\/starweld-fusion-16-pro\/\">\n\t\t\t\t\t\t\t<img decoding=\"async\" width=\"1200\" height=\"674\" src=\"https:\/\/wilke-marine.com\/wp-content\/uploads\/2023\/11\/starweld-fusion-16-pro.jpg\" class=\"attachment-full size-full wp-image-1714\" alt=\"Starweld Fusion 16 Pro, Aluminium Fischerboot\" srcset=\"https:\/\/wilke-marine.com\/wp-content\/uploads\/2023\/11\/starweld-fusion-16-pro.jpg 1200w, https:\/\/wilke-marine.com\/wp-content\/uploads\/2023\/11\/starweld-fusion-16-pro-300x169.jpg 300w, https:\/\/wilke-marine.com\/wp-content\/uploads\/2023\/11\/starweld-fusion-16-pro-1024x575.jpg 1024w, https:\/\/wilke-marine.com\/wp-content\/uploads\/2023\/11\/starweld-fusion-16-pro-768x431.jpg 768w\" sizes=\"(max-width: 1200px) 100vw, 1200px\" \/>\t\t\t\t\t\t\t\t<\/a>\n\t\t\t\t\t\t\t\t\t\t\t\t\t\t\t<\/div>\n\t\t\t\t<\/div>\n\t\t\t\t<div class=\"elementor-element elementor-element-16d4bde elementor-widget elementor-widget-text-editor\" data-id=\"16d4bde\" data-element_type=\"widget\" data-e-type=\"widget\" data-widget_type=\"text-editor.default\">\n\t\t\t\t<div class=\"elementor-widget-container\">\n\t\t\t\t\t\t\t\t\t<p>La nouvelle s\u00e9rie Fusion Pro est le bateau pour vous si vous recherchez d&rsquo;\u00e9normes ponts de casting, des livewells massifs, des planchers en vinyle et suffisamment d&rsquo;espace pour toute la famille et tous vos amis. \u00a0<a title=\"Link zu Starweld Fusion 16 Pro\" contenteditable=\"false\" href=\"https:\/\/wilke-marine.com\/starweld-fusion-16-pro\/\">D\u00e9tail &#8211; cliquez ici<\/a><\/p>\n\t\t\t\t\t\t\t\t<\/div>\n\t\t\t\t<\/div>\n\t\t\t\t\t<\/div>\n\t\t\t\t<\/div>\n\t\t<div class=\"elementor-element elementor-element-0bd6d7c e-flex e-con-boxed e-con e-child\" data-id=\"0bd6d7c\" data-element_type=\"container\" data-e-type=\"container\">\n\t\t\t\t\t<div class=\"e-con-inner\">\n\t\t\t\t<div class=\"elementor-element elementor-element-45108bf elementor-widget elementor-widget-heading\" data-id=\"45108bf\" data-element_type=\"widget\" data-e-type=\"widget\" data-widget_type=\"heading.default\">\n\t\t\t\t<div class=\"elementor-widget-container\">\n\t\t\t\t\t<h2 class=\"elementor-heading-title elementor-size-default\">Victory 16<\/h2>\t\t\t\t<\/div>\n\t\t\t\t<\/div>\n\t\t\t\t<div class=\"elementor-element elementor-element-7e6bc06 elementor-widget elementor-widget-image\" data-id=\"7e6bc06\" data-element_type=\"widget\" data-e-type=\"widget\" data-widget_type=\"image.default\">\n\t\t\t\t<div class=\"elementor-widget-container\">\n\t\t\t\t\t\t\t\t\t\t\t\t\t\t\t\t<a href=\"https:\/\/wilke-marine.com\/fr\/starweld-victory-16\/\">\n\t\t\t\t\t\t\t<img loading=\"lazy\" decoding=\"async\" width=\"1200\" height=\"674\" src=\"https:\/\/wilke-marine.com\/wp-content\/uploads\/2023\/11\/starweld-victory-16.jpg\" class=\"attachment-full size-full wp-image-1715\" alt=\"Starweld Victory 16, Alufischerboot\" srcset=\"https:\/\/wilke-marine.com\/wp-content\/uploads\/2023\/11\/starweld-victory-16.jpg 1200w, https:\/\/wilke-marine.com\/wp-content\/uploads\/2023\/11\/starweld-victory-16-300x169.jpg 300w, https:\/\/wilke-marine.com\/wp-content\/uploads\/2023\/11\/starweld-victory-16-1024x575.jpg 1024w, https:\/\/wilke-marine.com\/wp-content\/uploads\/2023\/11\/starweld-victory-16-768x431.jpg 768w\" sizes=\"(max-width: 1200px) 100vw, 1200px\" \/>\t\t\t\t\t\t\t\t<\/a>\n\t\t\t\t\t\t\t\t\t\t\t\t\t\t\t<\/div>\n\t\t\t\t<\/div>\n\t\t\t\t<div class=\"elementor-element elementor-element-1231e16 elementor-widget elementor-widget-text-editor\" data-id=\"1231e16\" data-element_type=\"widget\" data-e-type=\"widget\" data-widget_type=\"text-editor.default\">\n\t\t\t\t<div class=\"elementor-widget-container\">\n\t\t\t\t\t\t\t\t\t<p>P\u00eache, ski lounge et chill out avec le tout nouveau Victory. La transformation d&rsquo;un fantastique bateau de p\u00eache en une navette parfaite pour toute la famille ne prend que quelques secondes. Il suffit de relever la confortable banquette arri\u00e8re, de remettre les coussins de la caisse \u00e0 leur place et tout le monde ne pourrait pas se sentir plus \u00e0 l&rsquo;aise dans ce crossover.\u00a0<a title=\"Link zu Starweld Victory 16\" contenteditable=\"false\" href=\"https:\/\/wilke-marine.com\/starweld-victory-16\/\">D\u00e9tails &#8211; cliquez ici<\/a><\/p>\n\t\t\t\t\t\t\t\t<\/div>\n\t\t\t\t<\/div>\n\t\t\t\t\t<\/div>\n\t\t\t\t<\/div>\n\t\t\t\t\t<\/div>\n\t\t\t\t<\/div>\n\t\t\t\t\t<\/div>\n\t\t\t\t<\/div>\n\t\t<div class=\"elementor-element elementor-element-159c6ff e-flex e-con-boxed e-con e-parent\" data-id=\"159c6ff\" data-element_type=\"container\" data-e-type=\"container\">\n\t\t\t\t\t<div class=\"e-con-inner\">\n\t\t\t\t<div class=\"elementor-element elementor-element-57b9aa5 elementor-align-center elementor-widget elementor-widget-button\" data-id=\"57b9aa5\" data-element_type=\"widget\" data-e-type=\"widget\" data-widget_type=\"button.default\">\n\t\t\t\t<div class=\"elementor-widget-container\">\n\t\t\t\t\t\t\t\t\t<div class=\"elementor-button-wrapper\">\n\t\t\t\t\t<a class=\"elementor-button elementor-button-link elementor-size-sm\" href=\"https:\/\/wilke-marine.com\/fr\/contact\/\">\n\t\t\t\t\t\t<span class=\"elementor-button-content-wrapper\">\n\t\t\t\t\t\t\t\t\t<span class=\"elementor-button-text\">Prenez contact avec nous<\/span>\n\t\t\t\t\t<\/span>\n\t\t\t\t\t<\/a>\n\t\t\t\t<\/div>\n\t\t\t\t\t\t\t\t<\/div>\n\t\t\t\t<\/div>\n\t\t\t\t\t<\/div>\n\t\t\t\t<\/div>\n\t\t\t\t<\/div>\n\t\t","protected":false},"excerpt":{"rendered":"<p>Bateaux Starweld &#8211; Bateaux de p\u00eache pour professionnels et familles La p\u00eache intelligente commence avec un bateau plus intelligent Les bateaux de p\u00eache Starweld sont aussi r\u00e9sistants que les capitaines qui d\u00e9pendent d&rsquo;eux. C&rsquo;est parce que Starweld travaille avec des professionnels absolus pour offrir la meilleure exp\u00e9rience de p\u00eache. A savoir, des gars qui sont [&hellip;]<\/p>\n","protected":false},"author":1,"featured_media":0,"parent":0,"menu_order":0,"comment_status":"closed","ping_status":"closed","template":"","meta":{"_seopress_robots_primary_cat":"","_seopress_titles_title":"","_seopress_titles_desc":"","_seopress_robots_index":"","footnotes":""},"class_list":["post-1964","page","type-page","status-publish","hentry"],"jetpack_sharing_enabled":true,"_links":{"self":[{"href":"https:\/\/wilke-marine.com\/fr\/wp-json\/wp\/v2\/pages\/1964","targetHints":{"allow":["GET"]}}],"collection":[{"href":"https:\/\/wilke-marine.com\/fr\/wp-json\/wp\/v2\/pages"}],"about":[{"href":"https:\/\/wilke-marine.com\/fr\/wp-json\/wp\/v2\/types\/page"}],"author":[{"embeddable":true,"href":"https:\/\/wilke-marine.com\/fr\/wp-json\/wp\/v2\/users\/1"}],"replies":[{"embeddable":true,"href":"https:\/\/wilke-marine.com\/fr\/wp-json\/wp\/v2\/comments?post=1964"}],"version-history":[{"count":5,"href":"https:\/\/wilke-marine.com\/fr\/wp-json\/wp\/v2\/pages\/1964\/revisions"}],"predecessor-version":[{"id":3023,"href":"https:\/\/wilke-marine.com\/fr\/wp-json\/wp\/v2\/pages\/1964\/revisions\/3023"}],"wp:attachment":[{"href":"https:\/\/wilke-marine.com\/fr\/wp-json\/wp\/v2\/media?parent=1964"}],"curies":[{"name":"wp","href":"https:\/\/api.w.org\/{rel}","templated":true}]}}