{"id":1967,"date":"2023-11-29T18:01:25","date_gmt":"2023-11-29T18:01:25","guid":{"rendered":"https:\/\/wilke-marine.com\/starweld-fusion-16\/"},"modified":"2023-12-15T09:50:25","modified_gmt":"2023-12-15T09:50:25","slug":"starweld-fusion-16","status":"publish","type":"page","link":"https:\/\/wilke-marine.com\/fr\/starweld-fusion-16\/","title":{"rendered":"Starweld Fusion 16"},"content":{"rendered":"\t\t<div data-elementor-type=\"wp-page\" data-elementor-id=\"1967\" class=\"elementor elementor-1967 elementor-1040\" data-elementor-post-type=\"page\">\n\t\t\t\t<div class=\"elementor-element elementor-element-a1e9f73 e-flex e-con-boxed e-con e-parent\" data-id=\"a1e9f73\" data-element_type=\"container\" data-e-type=\"container\" data-settings=\"{&quot;background_background&quot;:&quot;classic&quot;}\">\n\t\t\t\t\t<div class=\"e-con-inner\">\n\t\t\t\t\t<\/div>\n\t\t\t\t<\/div>\n\t\t<div class=\"elementor-element elementor-element-13552ba e-flex e-con-boxed e-con e-parent\" data-id=\"13552ba\" data-element_type=\"container\" data-e-type=\"container\">\n\t\t\t\t\t<div class=\"e-con-inner\">\n\t\t\t\t<div class=\"elementor-element elementor-element-dd0be5c elementor-widget elementor-widget-heading\" data-id=\"dd0be5c\" data-element_type=\"widget\" data-e-type=\"widget\" data-widget_type=\"heading.default\">\n\t\t\t\t<div class=\"elementor-widget-container\">\n\t\t\t\t\t<h1 class=\"elementor-heading-title elementor-size-default\">Fusion 16<\/h1>\t\t\t\t<\/div>\n\t\t\t\t<\/div>\n\t\t<div class=\"elementor-element elementor-element-3f87c5e e-flex e-con-boxed e-con e-child\" data-id=\"3f87c5e\" data-element_type=\"container\" data-e-type=\"container\">\n\t\t\t\t\t<div class=\"e-con-inner\">\n\t\t<div class=\"elementor-element elementor-element-d55c8e6 e-flex e-con-boxed e-con e-child\" data-id=\"d55c8e6\" data-element_type=\"container\" data-e-type=\"container\">\n\t\t\t\t\t<div class=\"e-con-inner\">\n\t\t\t\t<div class=\"elementor-element elementor-element-d8cbadf elementor-widget elementor-widget-text-editor\" data-id=\"d8cbadf\" data-element_type=\"widget\" data-e-type=\"widget\" data-widget_type=\"text-editor.default\">\n\t\t\t\t<div class=\"elementor-widget-container\">\n\t\t\t\t\t\t\t\t\t<p>&nbsp;<\/p>\n<table style=\"width : 100% ;\">\n<thead>\n<tr style=\"background-color : #06274a ; text-align : left ;\">\n<td style=\"width : 10% ;\">\n<h4 style=\"text-align : left ;\">Sp\u00e9cifications<\/h4>\n<\/td>\n<td style=\"width : 85% ;\"><\/td>\n<\/tr>\n<\/thead>\n<tbody>\n<tr style=\"background-color : #f2f2f2 ; text-align : left ;\">\n<td style=\"width : 10% ;\">Dimensions<\/td>\n<td style=\"width : 85% ;\">5.03 m x 2.08 m<\/td>\n<\/tr>\n<tr style=\"background-color : #f9f9f9 ; text-align : left ;\">\n<td style=\"width : 10% ;\">Poids<\/td>\n<td style=\"width : 85% ;\">16 SC &#8211; 392 kg \/ 16 DC 474 kg<\/td>\n<\/tr>\n<tr style=\"background-color : #f2f2f2 ; text-align : left ;\">\n<td style=\"width : 10% ;\">Puissance maximale du moteur<\/td>\n<td style=\"width : 85% ;\">90 CV<\/td>\n<\/tr>\n<tr style=\"background-color : #f9f9f9 ; text-align : left ;\">\n<td style=\"width : 10% ;\">Nombre maximum de personnes<\/td>\n<td style=\"width : 85% ;\">5<\/td>\n<\/tr>\n<tr style=\"background-color : #f2f2f2 ; text-align : left ;\">\n<td style=\"width : 10% ;\">Capacit\u00e9 du r\u00e9servoir<\/td>\n<td style=\"width : 85% ;\">41 litres<\/td>\n<\/tr>\n<\/tbody>\n<\/table>\n<p>&nbsp;<\/p>\n\t\t\t\t\t\t\t\t<\/div>\n\t\t\t\t<\/div>\n\t\t\t\t\t<\/div>\n\t\t\t\t<\/div>\n\t\t<div class=\"elementor-element elementor-element-fc6b603 e-flex e-con-boxed e-con e-child\" data-id=\"fc6b603\" data-element_type=\"container\" data-e-type=\"container\">\n\t\t\t\t\t<div class=\"e-con-inner\">\n\t\t\t\t<div class=\"elementor-element elementor-element-c7fee5e elementor-widget elementor-widget-image\" data-id=\"c7fee5e\" data-element_type=\"widget\" data-e-type=\"widget\" data-widget_type=\"image.default\">\n\t\t\t\t<div class=\"elementor-widget-container\">\n\t\t\t\t\t\t\t\t\t\t\t\t\t\t\t<img alt=\"\" decoding=\"async\" width=\"259\" height=\"116\" src=\"https:\/\/wilke-marine.com\/wp-content\/uploads\/2023\/11\/16_fusion_scfloorplan.png\" class=\"attachment-full size-full wp-image-1735\" alt=\"\" \/>\t\t\t\t\t\t\t\t\t\t\t\t\t\t\t<\/div>\n\t\t\t\t<\/div>\n\t\t\t\t<div class=\"elementor-element elementor-element-96505f7 elementor-widget elementor-widget-image\" data-id=\"96505f7\" data-element_type=\"widget\" data-e-type=\"widget\" data-widget_type=\"image.default\">\n\t\t\t\t<div class=\"elementor-widget-container\">\n\t\t\t\t\t\t\t\t\t\t\t\t\t\t\t<img alt=\"\" decoding=\"async\" width=\"259\" height=\"116\" src=\"https:\/\/wilke-marine.com\/wp-content\/uploads\/2023\/11\/16_fusion_dcfloorplan.png\" class=\"attachment-full size-full wp-image-1736\" alt=\"\" \/>\t\t\t\t\t\t\t\t\t\t\t\t\t\t\t<\/div>\n\t\t\t\t<\/div>\n\t\t\t\t\t<\/div>\n\t\t\t\t<\/div>\n\t\t\t\t\t<\/div>\n\t\t\t\t<\/div>\n\t\t\t\t\t<\/div>\n\t\t\t\t<\/div>\n\t\t<div class=\"elementor-element elementor-element-a2a2d43 e-flex e-con-boxed e-con e-parent\" data-id=\"a2a2d43\" data-element_type=\"container\" data-e-type=\"container\">\n\t\t\t\t\t<div class=\"e-con-inner\">\n\t\t\t\t<div class=\"elementor-element elementor-element-856b893 elementor-widget elementor-widget-heading\" data-id=\"856b893\" data-element_type=\"widget\" data-e-type=\"widget\" data-widget_type=\"heading.default\">\n\t\t\t\t<div class=\"elementor-widget-container\">\n\t\t\t\t\t<h2 class=\"elementor-heading-title elementor-size-default\">Caract\u00e9ristiques standard<\/h2>\t\t\t\t<\/div>\n\t\t\t\t<\/div>\n\t\t<div class=\"elementor-element elementor-element-34a0577 e-flex e-con-boxed e-con e-child\" data-id=\"34a0577\" data-element_type=\"container\" data-e-type=\"container\">\n\t\t\t\t\t<div class=\"e-con-inner\">\n\t\t<div class=\"elementor-element elementor-element-7542751 e-flex e-con-boxed e-con e-child\" data-id=\"7542751\" data-element_type=\"container\" data-e-type=\"container\">\n\t\t\t\t\t<div class=\"e-con-inner\">\n\t\t\t\t<div class=\"elementor-element elementor-element-99873db elementor-widget elementor-widget-heading\" data-id=\"99873db\" data-element_type=\"widget\" data-e-type=\"widget\" data-widget_type=\"heading.default\">\n\t\t\t\t<div class=\"elementor-widget-container\">\n\t\t\t\t\t<h4 class=\"elementor-heading-title elementor-size-default\">Si\u00e8ges<\/h4>\t\t\t\t<\/div>\n\t\t\t\t<\/div>\n\t\t\t\t<div class=\"elementor-element elementor-element-de2cade elementor-widget elementor-widget-text-editor\" data-id=\"de2cade\" data-element_type=\"widget\" data-e-type=\"widget\" data-widget_type=\"text-editor.default\">\n\t\t\t\t<div class=\"elementor-widget-container\">\n\t\t\t\t\t\t\t\t\t<ul>\n<li>Si\u00e8ges de p\u00eacheur de luxe<\/li>\n<li>16 DC &#8211; banquette arri\u00e8re rabattable en deux parties<\/li>\n<\/ul>\n\t\t\t\t\t\t\t\t<\/div>\n\t\t\t\t<\/div>\n\t\t\t\t<div class=\"elementor-element elementor-element-28fa7c1 elementor-widget elementor-widget-heading\" data-id=\"28fa7c1\" data-element_type=\"widget\" data-e-type=\"widget\" data-widget_type=\"heading.default\">\n\t\t\t\t<div class=\"elementor-widget-container\">\n\t\t\t\t\t<h4 class=\"elementor-heading-title elementor-size-default\">Accessoires<\/h4>\t\t\t\t<\/div>\n\t\t\t\t<\/div>\n\t\t\t\t<div class=\"elementor-element elementor-element-374a51a elementor-widget elementor-widget-text-editor\" data-id=\"374a51a\" data-element_type=\"widget\" data-e-type=\"widget\" data-widget_type=\"text-editor.default\">\n\t\t\t\t<div class=\"elementor-widget-container\">\n\t\t\t\t\t\t\t\t\t<ul>\n<li>Pompe \u00e0 eau de fuite automatique<\/li>\n<li>R\u00e9servoir de carburant int\u00e9gr\u00e9<\/li>\n<li>Connexion moteur de remorquage<\/li>\n<li>Feux de navigation<\/li>\n<li>Crochet d&rsquo;amarrage<\/li>\n<\/ul>\n\t\t\t\t\t\t\t\t<\/div>\n\t\t\t\t<\/div>\n\t\t\t\t<div class=\"elementor-element elementor-element-6a8aa0d elementor-widget elementor-widget-heading\" data-id=\"6a8aa0d\" data-element_type=\"widget\" data-e-type=\"widget\" data-widget_type=\"heading.default\">\n\t\t\t\t<div class=\"elementor-widget-container\">\n\t\t\t\t\t<h4 class=\"elementor-heading-title elementor-size-default\">Construction de la coque<\/h4>\t\t\t\t<\/div>\n\t\t\t\t<\/div>\n\t\t\t\t<div class=\"elementor-element elementor-element-8259236 elementor-widget elementor-widget-text-editor\" data-id=\"8259236\" data-element_type=\"widget\" data-e-type=\"widget\" data-widget_type=\"text-editor.default\">\n\t\t\t\t<div class=\"elementor-widget-container\">\n\t\t\t\t\t\t\t\t\t<ul>\n<li>Coque en aluminium renforc\u00e9<\/li>\n<li>Bac \u00e0 peinture arri\u00e8re<\/li>\n<li>Cockpit en vinyle<\/li>\n<li>\u00be\u00a0\u00bb Planchers en pyl\u00f4nes 7 couches et plateformes de lancer<\/li>\n<li>Remplissage en mousse inject\u00e9e<\/li>\n<\/ul>\n\t\t\t\t\t\t\t\t<\/div>\n\t\t\t\t<\/div>\n\t\t\t\t\t<\/div>\n\t\t\t\t<\/div>\n\t\t<div class=\"elementor-element elementor-element-106ee24 e-flex e-con-boxed e-con e-child\" data-id=\"106ee24\" data-element_type=\"container\" data-e-type=\"container\">\n\t\t\t\t\t<div class=\"e-con-inner\">\n\t\t\t\t<div class=\"elementor-element elementor-element-2f2e928 elementor-widget elementor-widget-heading\" data-id=\"2f2e928\" data-element_type=\"widget\" data-e-type=\"widget\" data-widget_type=\"heading.default\">\n\t\t\t\t<div class=\"elementor-widget-container\">\n\t\t\t\t\t<h4 class=\"elementor-heading-title elementor-size-default\">Bo\u00eete \u00e0 app\u00e2ts vivants<\/h4>\t\t\t\t<\/div>\n\t\t\t\t<\/div>\n\t\t\t\t<div class=\"elementor-element elementor-element-d1416c2 elementor-widget elementor-widget-text-editor\" data-id=\"d1416c2\" data-element_type=\"widget\" data-e-type=\"widget\" data-widget_type=\"text-editor.default\">\n\t\t\t\t<div class=\"elementor-widget-container\">\n\t\t\t\t\t\t\t\t\t<ul>\n<li>R\u00e9servoir \u00e0 app\u00e2ts int\u00e9gr\u00e9<\/li>\n<li>R\u00e9servoir a\u00e9r\u00e9 de 114 L<\/li>\n<\/ul>\n\t\t\t\t\t\t\t\t<\/div>\n\t\t\t\t<\/div>\n\t\t\t\t<div class=\"elementor-element elementor-element-f9826a6 elementor-widget elementor-widget-heading\" data-id=\"f9826a6\" data-element_type=\"widget\" data-e-type=\"widget\" data-widget_type=\"heading.default\">\n\t\t\t\t<div class=\"elementor-widget-container\">\n\t\t\t\t\t<h4 class=\"elementor-heading-title elementor-size-default\">Console<\/h4>\t\t\t\t<\/div>\n\t\t\t\t<\/div>\n\t\t\t\t<div class=\"elementor-element elementor-element-5966dba elementor-widget elementor-widget-text-editor\" data-id=\"5966dba\" data-element_type=\"widget\" data-e-type=\"widget\" data-widget_type=\"text-editor.default\">\n\t\t\t\t<div class=\"elementor-widget-container\">\n\t\t\t\t\t\t\t\t\t<ul>\n<li>St\u00e9r\u00e9o Jenden MS3A avec Bluetooth<\/li>\n<li>Contr\u00f4le de l&rsquo;inclinaison en continu<\/li>\n<li>Humminbird Helix 5 Sonar GPS<\/li>\n<li>Disjoncteur de protection (fusibles)<\/li>\n<li>Interrupteurs lumineux<\/li>\n<li>Barres accentu\u00e9es de chrome<\/li>\n<\/ul>\n\t\t\t\t\t\t\t\t<\/div>\n\t\t\t\t<\/div>\n\t\t\t\t<div class=\"elementor-element elementor-element-e5c5866 elementor-widget elementor-widget-heading\" data-id=\"e5c5866\" data-element_type=\"widget\" data-e-type=\"widget\" data-widget_type=\"heading.default\">\n\t\t\t\t<div class=\"elementor-widget-container\">\n\t\t\t\t\t<h4 class=\"elementor-heading-title elementor-size-default\">Le pont et les espaces de rangement<\/h4>\t\t\t\t<\/div>\n\t\t\t\t<\/div>\n\t\t\t\t<div class=\"elementor-element elementor-element-4ce025b elementor-widget elementor-widget-text-editor\" data-id=\"4ce025b\" data-element_type=\"widget\" data-e-type=\"widget\" data-widget_type=\"text-editor.default\">\n\t\t\t\t<div class=\"elementor-widget-container\">\n\t\t\t\t\t\t\t\t\t<ul>\n<li>R\u00e9servoirs \u00e0 cannes verrouillables<\/li>\n<li>Grandes plateformes de lancer<\/li>\n<li>Porte-boissons<\/li>\n<li>Batterie arri\u00e8re &#8211; espace de rangement<\/li>\n<li>Verrous de blocage<\/li>\n<\/ul>\n\t\t\t\t\t\t\t\t<\/div>\n\t\t\t\t<\/div>\n\t\t\t\t\t<\/div>\n\t\t\t\t<\/div>\n\t\t\t\t\t<\/div>\n\t\t\t\t<\/div>\n\t\t\t\t\t<\/div>\n\t\t\t\t<\/div>\n\t\t<div class=\"elementor-element elementor-element-50fb111 e-flex e-con-boxed e-con e-parent\" data-id=\"50fb111\" data-element_type=\"container\" data-e-type=\"container\">\n\t\t\t\t\t<div class=\"e-con-inner\">\n\t\t\t\t<div class=\"elementor-element elementor-element-4526330 elementor-align-center elementor-widget elementor-widget-button\" data-id=\"4526330\" data-element_type=\"widget\" data-e-type=\"widget\" data-widget_type=\"button.default\">\n\t\t\t\t<div class=\"elementor-widget-container\">\n\t\t\t\t\t\t\t\t\t<div class=\"elementor-button-wrapper\">\n\t\t\t\t\t<a class=\"elementor-button elementor-button-link elementor-size-sm\" href=\"https:\/\/wilke-marine.com\/fr\/contact\/\">\n\t\t\t\t\t\t<span class=\"elementor-button-content-wrapper\">\n\t\t\t\t\t\t\t\t\t<span class=\"elementor-button-text\">Prenez contact avec nous<\/span>\n\t\t\t\t\t<\/span>\n\t\t\t\t\t<\/a>\n\t\t\t\t<\/div>\n\t\t\t\t\t\t\t\t<\/div>\n\t\t\t\t<\/div>\n\t\t\t\t\t<\/div>\n\t\t\t\t<\/div>\n\t\t\t\t<\/div>\n\t\t","protected":false},"excerpt":{"rendered":"<p>Fusion 16 &nbsp; Sp\u00e9cifications Dimensions 5.03 m x 2.08 m Poids 16 SC &#8211; 392 kg \/ 16 DC 474 kg Puissance maximale du moteur 90 CV Nombre maximum de personnes 5 Capacit\u00e9 du r\u00e9servoir 41 litres &nbsp; Caract\u00e9ristiques standard Si\u00e8ges Si\u00e8ges de p\u00eacheur de luxe 16 DC &#8211; banquette arri\u00e8re rabattable en deux parties [&hellip;]<\/p>\n","protected":false},"author":1,"featured_media":0,"parent":0,"menu_order":0,"comment_status":"closed","ping_status":"closed","template":"","meta":{"_seopress_robots_primary_cat":"","_seopress_titles_title":"","_seopress_titles_desc":"","_seopress_robots_index":"","footnotes":""},"class_list":["post-1967","page","type-page","status-publish","hentry"],"jetpack_sharing_enabled":true,"_links":{"self":[{"href":"https:\/\/wilke-marine.com\/fr\/wp-json\/wp\/v2\/pages\/1967","targetHints":{"allow":["GET"]}}],"collection":[{"href":"https:\/\/wilke-marine.com\/fr\/wp-json\/wp\/v2\/pages"}],"about":[{"href":"https:\/\/wilke-marine.com\/fr\/wp-json\/wp\/v2\/types\/page"}],"author":[{"embeddable":true,"href":"https:\/\/wilke-marine.com\/fr\/wp-json\/wp\/v2\/users\/1"}],"replies":[{"embeddable":true,"href":"https:\/\/wilke-marine.com\/fr\/wp-json\/wp\/v2\/comments?post=1967"}],"version-history":[{"count":5,"href":"https:\/\/wilke-marine.com\/fr\/wp-json\/wp\/v2\/pages\/1967\/revisions"}],"predecessor-version":[{"id":2273,"href":"https:\/\/wilke-marine.com\/fr\/wp-json\/wp\/v2\/pages\/1967\/revisions\/2273"}],"wp:attachment":[{"href":"https:\/\/wilke-marine.com\/fr\/wp-json\/wp\/v2\/media?parent=1967"}],"curies":[{"name":"wp","href":"https:\/\/api.w.org\/{rel}","templated":true}]}}