{"id":1980,"date":"2023-11-29T18:24:38","date_gmt":"2023-11-29T18:24:38","guid":{"rendered":"https:\/\/wilke-marine.com\/starweld-spark-16-sc\/"},"modified":"2023-12-15T09:49:56","modified_gmt":"2023-12-15T09:49:56","slug":"starweld-spark-16-sc","status":"publish","type":"page","link":"https:\/\/wilke-marine.com\/fr\/starweld-spark-16-sc\/","title":{"rendered":"Starweld Spark 16 SC"},"content":{"rendered":"\t\t<div data-elementor-type=\"wp-page\" data-elementor-id=\"1980\" class=\"elementor elementor-1980 elementor-1076\" data-elementor-post-type=\"page\">\n\t\t\t\t<div class=\"elementor-element elementor-element-a1e9f73 e-flex e-con-boxed e-con e-parent\" data-id=\"a1e9f73\" data-element_type=\"container\" data-e-type=\"container\" data-settings=\"{&quot;background_background&quot;:&quot;classic&quot;}\">\n\t\t\t\t\t<div class=\"e-con-inner\">\n\t\t\t\t\t<\/div>\n\t\t\t\t<\/div>\n\t\t<div class=\"elementor-element elementor-element-13552ba e-flex e-con-boxed e-con e-parent\" data-id=\"13552ba\" data-element_type=\"container\" data-e-type=\"container\">\n\t\t\t\t\t<div class=\"e-con-inner\">\n\t\t\t\t<div class=\"elementor-element elementor-element-dd0be5c elementor-widget elementor-widget-heading\" data-id=\"dd0be5c\" data-element_type=\"widget\" data-e-type=\"widget\" data-widget_type=\"heading.default\">\n\t\t\t\t<div class=\"elementor-widget-container\">\n\t\t\t\t\t<h1 class=\"elementor-heading-title elementor-size-default\">Spark 16 SC<\/h1>\t\t\t\t<\/div>\n\t\t\t\t<\/div>\n\t\t<div class=\"elementor-element elementor-element-3f87c5e e-flex e-con-boxed e-con e-child\" data-id=\"3f87c5e\" data-element_type=\"container\" data-e-type=\"container\">\n\t\t\t\t\t<div class=\"e-con-inner\">\n\t\t<div class=\"elementor-element elementor-element-d55c8e6 e-flex e-con-boxed e-con e-child\" data-id=\"d55c8e6\" data-element_type=\"container\" data-e-type=\"container\">\n\t\t\t\t\t<div class=\"e-con-inner\">\n\t\t\t\t<div class=\"elementor-element elementor-element-d8cbadf elementor-widget elementor-widget-text-editor\" data-id=\"d8cbadf\" data-element_type=\"widget\" data-e-type=\"widget\" data-widget_type=\"text-editor.default\">\n\t\t\t\t<div class=\"elementor-widget-container\">\n\t\t\t\t\t\t\t\t\t<p>\u00a0<\/p><table style=\"width: 100%;\"><tbody><tr><td style=\"width: 10%;\"><h4 style=\"text-align: left;\">Specifications<\/h4><\/td><td style=\"width: 85%;\">\u00a0<\/td><\/tr><tr style=\"background-color: #f2f2f2; text-align: left;\"><td style=\"width: 10%;\">Dimensions<\/td><td style=\"width: 85%;\">5,03 m x 2,08 m<\/td><\/tr><tr style=\"background-color: #f9f9f9; text-align: left;\"><td style=\"width: 10%;\">Poids<\/td><td style=\"width: 85%;\">358 kg<\/td><\/tr><tr style=\"background-color: #f2f2f2; text-align: left;\"><td style=\"width: 10%;\">Puissance maximale du moteur<\/td><td style=\"width: 85%;\">90 cv<\/td><\/tr><tr style=\"background-color: #f9f9f9; text-align: left;\"><td style=\"width: 10%;\">Nombre maximal de personnes<\/td><td style=\"width: 85%;\">6<\/td><\/tr><tr style=\"background-color: #f2f2f2; text-align: left;\"><td style=\"width: 10%;\">Capacit\u00e9 du r\u00e9servoir<\/td><td style=\"width: 85%;\">R\u00e9servoir portatif<\/td><\/tr><\/tbody><\/table>\t\t\t\t\t\t\t\t<\/div>\n\t\t\t\t<\/div>\n\t\t\t\t\t<\/div>\n\t\t\t\t<\/div>\n\t\t<div class=\"elementor-element elementor-element-fc6b603 e-flex e-con-boxed e-con e-child\" data-id=\"fc6b603\" data-element_type=\"container\" data-e-type=\"container\">\n\t\t\t\t\t<div class=\"e-con-inner\">\n\t\t\t\t<div class=\"elementor-element elementor-element-c7fee5e elementor-widget elementor-widget-image\" data-id=\"c7fee5e\" data-element_type=\"widget\" data-e-type=\"widget\" data-widget_type=\"image.default\">\n\t\t\t\t<div class=\"elementor-widget-container\">\n\t\t\t\t\t\t\t\t\t\t\t\t\t\t\t<img alt=\"\" decoding=\"async\" width=\"266\" height=\"172\" src=\"https:\/\/wilke-marine.com\/wp-content\/uploads\/2023\/11\/16_spark_sc-1-1.png\" class=\"attachment-full size-full wp-image-1743\" alt=\"\" \/>\t\t\t\t\t\t\t\t\t\t\t\t\t\t\t<\/div>\n\t\t\t\t<\/div>\n\t\t\t\t\t<\/div>\n\t\t\t\t<\/div>\n\t\t\t\t\t<\/div>\n\t\t\t\t<\/div>\n\t\t\t\t\t<\/div>\n\t\t\t\t<\/div>\n\t\t<div class=\"elementor-element elementor-element-a2a2d43 e-flex e-con-boxed e-con e-parent\" data-id=\"a2a2d43\" data-element_type=\"container\" data-e-type=\"container\">\n\t\t\t\t\t<div class=\"e-con-inner\">\n\t\t\t\t<div class=\"elementor-element elementor-element-856b893 elementor-widget elementor-widget-heading\" data-id=\"856b893\" data-element_type=\"widget\" data-e-type=\"widget\" data-widget_type=\"heading.default\">\n\t\t\t\t<div class=\"elementor-widget-container\">\n\t\t\t\t\t<h2 class=\"elementor-heading-title elementor-size-default\">Caract\u00e9ristiques standard <\/h2>\t\t\t\t<\/div>\n\t\t\t\t<\/div>\n\t\t<div class=\"elementor-element elementor-element-34a0577 e-flex e-con-boxed e-con e-child\" data-id=\"34a0577\" data-element_type=\"container\" data-e-type=\"container\">\n\t\t\t\t\t<div class=\"e-con-inner\">\n\t\t<div class=\"elementor-element elementor-element-7542751 e-flex e-con-boxed e-con e-child\" data-id=\"7542751\" data-element_type=\"container\" data-e-type=\"container\">\n\t\t\t\t\t<div class=\"e-con-inner\">\n\t\t\t\t<div class=\"elementor-element elementor-element-99873db elementor-widget elementor-widget-heading\" data-id=\"99873db\" data-element_type=\"widget\" data-e-type=\"widget\" data-widget_type=\"heading.default\">\n\t\t\t\t<div class=\"elementor-widget-container\">\n\t\t\t\t\t<h4 class=\"elementor-heading-title elementor-size-default\">Si\u00e8ges<\/h4>\t\t\t\t<\/div>\n\t\t\t\t<\/div>\n\t\t\t\t<div class=\"elementor-element elementor-element-de2cade elementor-widget elementor-widget-text-editor\" data-id=\"de2cade\" data-element_type=\"widget\" data-e-type=\"widget\" data-widget_type=\"text-editor.default\">\n\t\t\t\t<div class=\"elementor-widget-container\">\n\t\t\t\t\t\t\t\t\t<ul>\n<li>2 si\u00e8ges de p\u00eacheur de luxe<\/li>\n<\/ul>\n\t\t\t\t\t\t\t\t<\/div>\n\t\t\t\t<\/div>\n\t\t\t\t<div class=\"elementor-element elementor-element-28fa7c1 elementor-widget elementor-widget-heading\" data-id=\"28fa7c1\" data-element_type=\"widget\" data-e-type=\"widget\" data-widget_type=\"heading.default\">\n\t\t\t\t<div class=\"elementor-widget-container\">\n\t\t\t\t\t<h4 class=\"elementor-heading-title elementor-size-default\">Accessoires<\/h4>\t\t\t\t<\/div>\n\t\t\t\t<\/div>\n\t\t\t\t<div class=\"elementor-element elementor-element-374a51a elementor-widget elementor-widget-text-editor\" data-id=\"374a51a\" data-element_type=\"widget\" data-e-type=\"widget\" data-widget_type=\"text-editor.default\">\n\t\t\t\t<div class=\"elementor-widget-container\">\n\t\t\t\t\t\t\t\t\t<ul>\n<li>Pompe \u00e0 eau \u00e0 fuite automatique<br \/>\nR\u00e9servoir de carburant int\u00e9gr\u00e9<br \/>\nConnexion au moteur du tracteur<br \/>\nFeux de navigation<br \/>\ncrochets de d\u00e9barquement<\/li>\n<\/ul>\n\t\t\t\t\t\t\t\t<\/div>\n\t\t\t\t<\/div>\n\t\t\t\t<div class=\"elementor-element elementor-element-6a8aa0d elementor-widget elementor-widget-heading\" data-id=\"6a8aa0d\" data-element_type=\"widget\" data-e-type=\"widget\" data-widget_type=\"heading.default\">\n\t\t\t\t<div class=\"elementor-widget-container\">\n\t\t\t\t\t<h4 class=\"elementor-heading-title elementor-size-default\">Construction de coque<\/h4>\t\t\t\t<\/div>\n\t\t\t\t<\/div>\n\t\t\t\t<div class=\"elementor-element elementor-element-8259236 elementor-widget elementor-widget-text-editor\" data-id=\"8259236\" data-element_type=\"widget\" data-e-type=\"widget\" data-widget_type=\"text-editor.default\">\n\t\t\t\t<div class=\"elementor-widget-container\">\n\t\t\t\t\t\t\t\t\t<ul>\n<li>Coque en aluminium renforc\u00e9e<br \/>\nCuve de pulv\u00e9risation arri\u00e8re<br \/>\nCockpit en vinyle<br \/>\n\u00be\u00a0\u00bb Planchers et plates-formes de lancer en bois pylylique \u00e0 7 couches<br \/>\nRemplissage de mousse inject\u00e9e<\/li>\n<\/ul>\n\t\t\t\t\t\t\t\t<\/div>\n\t\t\t\t<\/div>\n\t\t\t\t\t<\/div>\n\t\t\t\t<\/div>\n\t\t<div class=\"elementor-element elementor-element-106ee24 e-flex e-con-boxed e-con e-child\" data-id=\"106ee24\" data-element_type=\"container\" data-e-type=\"container\">\n\t\t\t\t\t<div class=\"e-con-inner\">\n\t\t\t\t<div class=\"elementor-element elementor-element-2f2e928 elementor-widget elementor-widget-heading\" data-id=\"2f2e928\" data-element_type=\"widget\" data-e-type=\"widget\" data-widget_type=\"heading.default\">\n\t\t\t\t<div class=\"elementor-widget-container\">\n\t\t\t\t\t<h4 class=\"elementor-heading-title elementor-size-default\">Bo\u00eete \u00e0 app\u00e2ts vivants<\/h4>\t\t\t\t<\/div>\n\t\t\t\t<\/div>\n\t\t\t\t<div class=\"elementor-element elementor-element-d1416c2 elementor-widget elementor-widget-text-editor\" data-id=\"d1416c2\" data-element_type=\"widget\" data-e-type=\"widget\" data-widget_type=\"text-editor.default\">\n\t\t\t\t<div class=\"elementor-widget-container\">\n\t\t\t\t\t\t\t\t\t<ul>\n<li>Conteneur d&rsquo;app\u00e2ts int\u00e9gr\u00e9<\/li>\n<li>R\u00e9servoir ventil\u00e9 114 L<\/li>\n<\/ul>\n\t\t\t\t\t\t\t\t<\/div>\n\t\t\t\t<\/div>\n\t\t\t\t<div class=\"elementor-element elementor-element-f9826a6 elementor-widget elementor-widget-heading\" data-id=\"f9826a6\" data-element_type=\"widget\" data-e-type=\"widget\" data-widget_type=\"heading.default\">\n\t\t\t\t<div class=\"elementor-widget-container\">\n\t\t\t\t\t<h4 class=\"elementor-heading-title elementor-size-default\">Console<\/h4>\t\t\t\t<\/div>\n\t\t\t\t<\/div>\n\t\t\t\t<div class=\"elementor-element elementor-element-5966dba elementor-widget elementor-widget-text-editor\" data-id=\"5966dba\" data-element_type=\"widget\" data-e-type=\"widget\" data-widget_type=\"text-editor.default\">\n\t\t\t\t<div class=\"elementor-widget-container\">\n\t\t\t\t\t\t\t\t\t<ul>\n<li>disjoncteur (fusibles)<br \/>\nInterrupteurs \u00e9clair\u00e9s<br \/>\nFerrures chrom\u00e9es accentu\u00e9es<\/li>\n<\/ul>\n\t\t\t\t\t\t\t\t<\/div>\n\t\t\t\t<\/div>\n\t\t\t\t<div class=\"elementor-element elementor-element-e5c5866 elementor-widget elementor-widget-heading\" data-id=\"e5c5866\" data-element_type=\"widget\" data-e-type=\"widget\" data-widget_type=\"heading.default\">\n\t\t\t\t<div class=\"elementor-widget-container\">\n\t\t\t\t\t<h4 class=\"elementor-heading-title elementor-size-default\">Pont et espace de stockage<\/h4>\t\t\t\t<\/div>\n\t\t\t\t<\/div>\n\t\t\t\t<div class=\"elementor-element elementor-element-4ce025b elementor-widget elementor-widget-text-editor\" data-id=\"4ce025b\" data-element_type=\"widget\" data-e-type=\"widget\" data-widget_type=\"text-editor.default\">\n\t\t\t\t<div class=\"elementor-widget-container\">\n\t\t\t\t\t\t\t\t\t<ul>\n<li>Conteneurs \u00e0 barres verrouillables<br \/>\nPlate-forme de lancement arri\u00e8re avec support de si\u00e8ge<br \/>\nBatterie arri\u00e8re &#8211; Espace de stockage<br \/>\nVerrouillage des serrures<\/li>\n<\/ul>\n\t\t\t\t\t\t\t\t<\/div>\n\t\t\t\t<\/div>\n\t\t\t\t\t<\/div>\n\t\t\t\t<\/div>\n\t\t\t\t\t<\/div>\n\t\t\t\t<\/div>\n\t\t\t\t\t<\/div>\n\t\t\t\t<\/div>\n\t\t<div class=\"elementor-element elementor-element-50fb111 e-flex e-con-boxed e-con e-parent\" data-id=\"50fb111\" data-element_type=\"container\" data-e-type=\"container\">\n\t\t\t\t\t<div class=\"e-con-inner\">\n\t\t\t\t<div class=\"elementor-element elementor-element-4526330 elementor-align-center elementor-widget elementor-widget-button\" data-id=\"4526330\" data-element_type=\"widget\" data-e-type=\"widget\" data-widget_type=\"button.default\">\n\t\t\t\t<div class=\"elementor-widget-container\">\n\t\t\t\t\t\t\t\t\t<div class=\"elementor-button-wrapper\">\n\t\t\t\t\t<a class=\"elementor-button elementor-button-link elementor-size-sm\" href=\"https:\/\/wilke-marine.com\/fr\/contact\/\">\n\t\t\t\t\t\t<span class=\"elementor-button-content-wrapper\">\n\t\t\t\t\t\t\t\t\t<span class=\"elementor-button-text\">Prenez contact avec nous<\/span>\n\t\t\t\t\t<\/span>\n\t\t\t\t\t<\/a>\n\t\t\t\t<\/div>\n\t\t\t\t\t\t\t\t<\/div>\n\t\t\t\t<\/div>\n\t\t\t\t\t<\/div>\n\t\t\t\t<\/div>\n\t\t\t\t<\/div>\n\t\t","protected":false},"excerpt":{"rendered":"<p>Spark 16 SC \u00a0 Specifications \u00a0 Dimensions 5,03 m x 2,08 m Poids 358 kg Puissance maximale du moteur 90 cv Nombre maximal de personnes 6 Capacit\u00e9 du r\u00e9servoir R\u00e9servoir portatif Caract\u00e9ristiques standard Si\u00e8ges 2 si\u00e8ges de p\u00eacheur de luxe Accessoires Pompe \u00e0 eau \u00e0 fuite automatique R\u00e9servoir de carburant int\u00e9gr\u00e9 Connexion au moteur du [&hellip;]<\/p>\n","protected":false},"author":1,"featured_media":0,"parent":0,"menu_order":0,"comment_status":"closed","ping_status":"closed","template":"","meta":{"_seopress_robots_primary_cat":"","_seopress_titles_title":"","_seopress_titles_desc":"","_seopress_robots_index":"","footnotes":""},"class_list":["post-1980","page","type-page","status-publish","hentry"],"jetpack_sharing_enabled":true,"_links":{"self":[{"href":"https:\/\/wilke-marine.com\/fr\/wp-json\/wp\/v2\/pages\/1980","targetHints":{"allow":["GET"]}}],"collection":[{"href":"https:\/\/wilke-marine.com\/fr\/wp-json\/wp\/v2\/pages"}],"about":[{"href":"https:\/\/wilke-marine.com\/fr\/wp-json\/wp\/v2\/types\/page"}],"author":[{"embeddable":true,"href":"https:\/\/wilke-marine.com\/fr\/wp-json\/wp\/v2\/users\/1"}],"replies":[{"embeddable":true,"href":"https:\/\/wilke-marine.com\/fr\/wp-json\/wp\/v2\/comments?post=1980"}],"version-history":[{"count":5,"href":"https:\/\/wilke-marine.com\/fr\/wp-json\/wp\/v2\/pages\/1980\/revisions"}],"predecessor-version":[{"id":2264,"href":"https:\/\/wilke-marine.com\/fr\/wp-json\/wp\/v2\/pages\/1980\/revisions\/2264"}],"wp:attachment":[{"href":"https:\/\/wilke-marine.com\/fr\/wp-json\/wp\/v2\/media?parent=1980"}],"curies":[{"name":"wp","href":"https:\/\/api.w.org\/{rel}","templated":true}]}}